{"id":2550,"date":"2021-03-04T15:12:02","date_gmt":"2021-03-04T14:12:02","guid":{"rendered":"https:\/\/esperya.promoservicebeta.com\/?page_id=2550"},"modified":"2021-03-04T15:15:01","modified_gmt":"2021-03-04T14:15:01","slug":"lage","status":"publish","type":"page","link":"https:\/\/www.hotelesperya.it\/de\/lage\/","title":{"rendered":"Lage"},"content":{"rendered":"<div  class=\"grids-section grids-is-advanced alignfull\" style=\"--_gs-gap-desktop:0px 0px;--_gs-m-desktop:0 0 0 0;--_gs-p-desktop:0 10px 0 10px;--_gs-bg-desktop:transparent none;--_gs-bg-xp-desktop:0px;--_gs-zi-desktop:auto;--_gs-d-desktop:block;--_gs-mw-desktop:calc(100% - 0 - 0);--_gs-gap-tablet:0px 0px;--_gs-m-tablet:0 0 0 0;--_gs-p-tablet:0 10px 0 10px;--_gs-bg-tablet:transparent none;--_gs-bg-xp-tablet:0px;--_gs-zi-tablet:auto;--_gs-d-tablet:block;--_gs-mw-tablet:calc(100% - 0 - 0);--_gs-gap-mobile:0px 0px;--_gs-m-mobile:0 0 0 0;--_gs-p-mobile:0 10px 0 10px;--_gs-bg-mobile:transparent none;--_gs-bg-xp-mobile:0px;--_gs-zi-mobile:auto;--_gs-d-mobile:block;--_gs-mw-mobile:calc(100% - 0 - 0);--_gs-columns:12;--_gs-rows:6\"><div class=\"grids-s-w_i\">\n<div class=\"grids-area\" style=\"--_ga-column:2\/6;--_ga-row:1\/2;--_ga-m-desktop:100px 0 0 0;--_ga-p-desktop:0 40px 0 0;--_ga-bg-desktop:transparent none;--_ga-zi-desktop:auto;--_ga-d-desktop:flex;--_ga-mw-desktop:calc(100% - 0 - 0);--_ga-m-tablet:100px 0 0 0;--_ga-p-tablet:0 40px 0 0;--_ga-bg-tablet:transparent none;--_ga-zi-tablet:auto;--_ga-d-tablet:flex;--_ga-mw-tablet:calc(100% - 0 - 0);--_ga-m-mobile:100px 0 0 0;--_ga-p-mobile:0 40px 0 0;--_ga-bg-mobile:transparent none;--_ga-zi-mobile:auto;--_ga-d-mobile:flex;--_ga-mw-mobile:calc(100% - 0 - 0)\">\n\n<h1 class=\"wp-block-heading\">Lage<\/h1>\n\n\n\n<p><strong><strong>Um uns zu erreichen, geben Sie folgende Adresse in Ihr Navigationsger\u00e4t ein:<\/strong><\/strong><\/p>\n\n\n\n<p><a href=\"https:\/\/goo.gl\/maps\/tJumcMkk391o9ETx9\">Via Udine, 74, 33054 Lignano Sabbiadoro UD<\/a><\/p>\n\n\n\n<div style=\"height:30px\" aria-hidden=\"true\" class=\"wp-block-spacer\"><\/div>\n\n\n\n<iframe loading=\"lazy\" src=\"https:\/\/www.google.com\/maps\/embed?pb=!1m18!1m12!1m3!1d1393.4766526827073!2d13.147869068152257!3d45.69190907763136!2m3!1f0!2f0!3f0!3m2!1i1024!2i768!4f13.1!3m3!1m2!1s0x477b941a730b4e05%3A0xf7971fb2976d5ee4!2sAparthotel%20Esperya!5e0!3m2!1sit!2sit!4v1613751823001!5m2!1sit!2sit\" width=\"100%\" height=\"400\" style=\"border:0;\" allowfullscreen=\"\" aria-hidden=\"false\" tabindex=\"0\"><\/iframe>\n\n<\/div>\n\n<div class=\"grids-area\" style=\"--_ga-column:7\/12;--_ga-row:1\/2;--_ga-va:flex-end;--_ga-m-desktop:0 0 0 0;--_ga-p-desktop:50px 0px 50px 0px;--_ga-bg-desktop:#f8f7f7 none;--_ga-zi-desktop:2;--_ga-d-desktop:flex;--_ga-mw-desktop:calc(100% - 0 - 0);--_ga-m-tablet:0 0 0 0;--_ga-p-tablet:50px 0px 50px 0px;--_ga-bg-tablet:#f8f7f7 none;--_ga-zi-tablet:2;--_ga-d-tablet:flex;--_ga-mw-tablet:calc(100% - 0 - 0);--_ga-m-mobile:0 0 0 0;--_ga-p-mobile:50px 0px 50px 0px;--_ga-bg-mobile:#f8f7f7 none;--_ga-zi-mobile:2;--_ga-d-mobile:flex;--_ga-mw-mobile:calc(100% - 0 - 0)\">\n\n<div style=\"height:50px\" aria-hidden=\"true\" class=\"wp-block-spacer\"><\/div>\n\n\n\n<h3 class=\"wp-block-heading\">Wie Sie das Hotel Parigi erreichen<\/h3>\n\n\n\n<p><i class=\"fas fa-car\"><\/i><strong>&nbsp;&nbsp;MIT DEM AUTO:<\/strong><br>Autobahn A23 Tarvis-Venedig oder A4 Venedig-Triest, Ausfahrt Latisana (zwischen den Abfahrten San Giorgio di Nogaro und Portogruaro).\nAuf der SS354 in Richtung Lignano weiterfahren, ca. 18 km<\/p>\n\n\n\n<p><i class=\"fas fa-bus\"><\/i><strong>&nbsp;&nbsp;MIT DEM BUS:<\/strong><br>Ab Udine gibt es eine Direktverbindung nach Lignano.\nAb Latisana gibt es eine Direktverbindung nach Lignano\nVerbindung von Venedig \u00e8ber Portoguaro nach Lignano.\nF\u00fcr weitere Fragen besuchen Sie die Homepage von SAF oder ATVO<\/p>\n\n\n\n<p><i class=\"fas fa-train\"><\/i><strong>&nbsp;&nbsp;MIT DEM ZUG:<\/strong><br>Der Bahnhof von Latisana ist ca. 23 km entfernt. Verbindung mit dem Autobus.\nDer Bahnhof von Udine ist ca. 60 km entfernt. Verbindung mit dem Autobus nach Lignano.\nDer Bahnhof von Portogruaro ist ca. 35 km entfernt. Verbindung mit dem Autobus nach Lignano.<\/p>\n\n\n\n<p><i class=\"fas fa-plane\"><\/i><strong>&nbsp;&nbsp;MIT DEM FLUGZEUG:<\/strong><br>Der Flughafen Triest-Ronchi dei Legionari ist ca. 74 km entfernt. Verbindung mit dem Autobus.\nDer Flughafen Venedig &#8222;Marco Polo&#8220; ist ca. 93 km entfernt. Verbindung mit dem Autobus.<\/p>\n\n<\/div>\n\n<div class=\"grids-area\" style=\"--_ga-column:6\/13;--_ga-row:1\/2;--_ga-m-desktop:0 0 0 20px;--_ga-p-desktop:0 0 0 0;--_ga-bg-desktop:#f8f7f7 none;--_ga-zi-desktop:-1;--_ga-d-desktop:flex;--_ga-mw-desktop:calc(100% - 20px - 0);--_ga-m-tablet:0 0 0 20px;--_ga-p-tablet:0 0 0 0;--_ga-bg-tablet:#f8f7f7 none;--_ga-zi-tablet:-1;--_ga-d-tablet:flex;--_ga-mw-tablet:calc(100% - 20px - 0);--_ga-m-mobile:0 0 0 20px;--_ga-p-mobile:0 0 0 0;--_ga-bg-mobile:#f8f7f7 none;--_ga-zi-mobile:-1;--_ga-d-mobile:flex;--_ga-mw-mobile:calc(100% - 20px - 0)\"><\/div>\n<\/div><\/div>","protected":false},"excerpt":{"rendered":"","protected":false},"author":1,"featured_media":3575,"parent":0,"menu_order":0,"comment_status":"closed","ping_status":"closed","template":"","meta":{"_acf_changed":false,"_uag_custom_page_level_css":"","advgb_blocks_editor_width":"","advgb_blocks_columns_visual_guide":"","footnotes":""},"class_list":["post-2550","page","type-page","status-publish","has-post-thumbnail","hentry","entry"],"acf":[],"yoast_head":"<!-- This site is optimized with the Yoast SEO plugin v25.6 - https:\/\/yoast.com\/wordpress\/plugins\/seo\/ -->\n<title>Aparthotel Esperya | Lage<\/title>\n<meta name=\"robots\" content=\"index, follow, max-snippet:-1, max-image-preview:large, max-video-preview:-1\" \/>\n<link rel=\"canonical\" href=\"https:\/\/www.hotelesperya.it\/de\/lage\/\" \/>\n<meta property=\"og:locale\" content=\"de_DE\" \/>\n<meta property=\"og:type\" content=\"article\" \/>\n<meta property=\"og:title\" content=\"Aparthotel Esperya | Lage\" \/>\n<meta property=\"og:url\" content=\"https:\/\/www.hotelesperya.it\/de\/lage\/\" \/>\n<meta property=\"og:site_name\" content=\"Aparthotel Esperya\" \/>\n<meta property=\"article:modified_time\" content=\"2021-03-04T14:15:01+00:00\" \/>\n<meta property=\"og:image\" content=\"https:\/\/www.hotelesperya.it\/wp-content\/uploads\/2021\/01\/Aparthotel_Esperya_Lignano_appartamento_04_large.jpg\" \/>\n\t<meta property=\"og:image:width\" content=\"2000\" \/>\n\t<meta property=\"og:image:height\" content=\"1333\" \/>\n\t<meta property=\"og:image:type\" content=\"image\/jpeg\" \/>\n<meta name=\"twitter:card\" content=\"summary_large_image\" \/>\n<meta name=\"twitter:label1\" content=\"Gesch\u00e4tzte Lesezeit\" \/>\n\t<meta name=\"twitter:data1\" content=\"1\u00a0Minute\" \/>\n<script type=\"application\/ld+json\" class=\"yoast-schema-graph\">{\"@context\":\"https:\/\/schema.org\",\"@graph\":[{\"@type\":\"WebPage\",\"@id\":\"https:\/\/www.hotelesperya.it\/de\/lage\/\",\"url\":\"https:\/\/www.hotelesperya.it\/de\/lage\/\",\"name\":\"Aparthotel Esperya | Lage\",\"isPartOf\":{\"@id\":\"https:\/\/www.hotelesperya.it\/de\/#website\"},\"primaryImageOfPage\":{\"@id\":\"https:\/\/www.hotelesperya.it\/de\/lage\/#primaryimage\"},\"image\":{\"@id\":\"https:\/\/www.hotelesperya.it\/de\/lage\/#primaryimage\"},\"thumbnailUrl\":\"https:\/\/www.hotelesperya.it\/wp-content\/uploads\/2025\/04\/spiaggia-lignano-esperya.jpg\",\"datePublished\":\"2021-03-04T14:12:02+00:00\",\"dateModified\":\"2021-03-04T14:15:01+00:00\",\"breadcrumb\":{\"@id\":\"https:\/\/www.hotelesperya.it\/de\/lage\/#breadcrumb\"},\"inLanguage\":\"de\",\"potentialAction\":[{\"@type\":\"ReadAction\",\"target\":[\"https:\/\/www.hotelesperya.it\/de\/lage\/\"]}]},{\"@type\":\"ImageObject\",\"inLanguage\":\"de\",\"@id\":\"https:\/\/www.hotelesperya.it\/de\/lage\/#primaryimage\",\"url\":\"https:\/\/www.hotelesperya.it\/wp-content\/uploads\/2025\/04\/spiaggia-lignano-esperya.jpg\",\"contentUrl\":\"https:\/\/www.hotelesperya.it\/wp-content\/uploads\/2025\/04\/spiaggia-lignano-esperya.jpg\",\"width\":2000,\"height\":1333},{\"@type\":\"BreadcrumbList\",\"@id\":\"https:\/\/www.hotelesperya.it\/de\/lage\/#breadcrumb\",\"itemListElement\":[{\"@type\":\"ListItem\",\"position\":1,\"name\":\"Home\",\"item\":\"https:\/\/www.hotelesperya.it\/de\/\"},{\"@type\":\"ListItem\",\"position\":2,\"name\":\"Lage\"}]},{\"@type\":\"WebSite\",\"@id\":\"https:\/\/www.hotelesperya.it\/de\/#website\",\"url\":\"https:\/\/www.hotelesperya.it\/de\/\",\"name\":\"Aparthotel Esperya\",\"description\":\"Im herzen von Lignano Sabbiadoro\",\"publisher\":{\"@id\":\"https:\/\/www.hotelesperya.it\/de\/#organization\"},\"potentialAction\":[{\"@type\":\"SearchAction\",\"target\":{\"@type\":\"EntryPoint\",\"urlTemplate\":\"https:\/\/www.hotelesperya.it\/de\/?s={search_term_string}\"},\"query-input\":{\"@type\":\"PropertyValueSpecification\",\"valueRequired\":true,\"valueName\":\"search_term_string\"}}],\"inLanguage\":\"de\"},{\"@type\":\"Organization\",\"@id\":\"https:\/\/www.hotelesperya.it\/de\/#organization\",\"name\":\"Aparthotel Esperya - Lignano Sabbiadoro (UD)\",\"url\":\"https:\/\/www.hotelesperya.it\/de\/\",\"logo\":{\"@type\":\"ImageObject\",\"inLanguage\":\"de\",\"@id\":\"https:\/\/www.hotelesperya.it\/de\/#\/schema\/logo\/image\/\",\"url\":\"https:\/\/www.hotelesperya.it\/wp-content\/uploads\/2021\/01\/logo-footer.png\",\"contentUrl\":\"https:\/\/www.hotelesperya.it\/wp-content\/uploads\/2021\/01\/logo-footer.png\",\"width\":548,\"height\":148,\"caption\":\"Aparthotel Esperya - Lignano Sabbiadoro (UD)\"},\"image\":{\"@id\":\"https:\/\/www.hotelesperya.it\/de\/#\/schema\/logo\/image\/\"}}]}<\/script>\n<!-- \/ Yoast SEO plugin. -->","yoast_head_json":{"title":"Aparthotel Esperya | Lage","robots":{"index":"index","follow":"follow","max-snippet":"max-snippet:-1","max-image-preview":"max-image-preview:large","max-video-preview":"max-video-preview:-1"},"canonical":"https:\/\/www.hotelesperya.it\/de\/lage\/","og_locale":"de_DE","og_type":"article","og_title":"Aparthotel Esperya | Lage","og_url":"https:\/\/www.hotelesperya.it\/de\/lage\/","og_site_name":"Aparthotel Esperya","article_modified_time":"2021-03-04T14:15:01+00:00","og_image":[{"width":2000,"height":1333,"url":"https:\/\/www.hotelesperya.it\/wp-content\/uploads\/2021\/01\/Aparthotel_Esperya_Lignano_appartamento_04_large.jpg","type":"image\/jpeg"}],"twitter_card":"summary_large_image","twitter_misc":{"Gesch\u00e4tzte Lesezeit":"1\u00a0Minute"},"schema":{"@context":"https:\/\/schema.org","@graph":[{"@type":"WebPage","@id":"https:\/\/www.hotelesperya.it\/de\/lage\/","url":"https:\/\/www.hotelesperya.it\/de\/lage\/","name":"Aparthotel Esperya | Lage","isPartOf":{"@id":"https:\/\/www.hotelesperya.it\/de\/#website"},"primaryImageOfPage":{"@id":"https:\/\/www.hotelesperya.it\/de\/lage\/#primaryimage"},"image":{"@id":"https:\/\/www.hotelesperya.it\/de\/lage\/#primaryimage"},"thumbnailUrl":"https:\/\/www.hotelesperya.it\/wp-content\/uploads\/2025\/04\/spiaggia-lignano-esperya.jpg","datePublished":"2021-03-04T14:12:02+00:00","dateModified":"2021-03-04T14:15:01+00:00","breadcrumb":{"@id":"https:\/\/www.hotelesperya.it\/de\/lage\/#breadcrumb"},"inLanguage":"de","potentialAction":[{"@type":"ReadAction","target":["https:\/\/www.hotelesperya.it\/de\/lage\/"]}]},{"@type":"ImageObject","inLanguage":"de","@id":"https:\/\/www.hotelesperya.it\/de\/lage\/#primaryimage","url":"https:\/\/www.hotelesperya.it\/wp-content\/uploads\/2025\/04\/spiaggia-lignano-esperya.jpg","contentUrl":"https:\/\/www.hotelesperya.it\/wp-content\/uploads\/2025\/04\/spiaggia-lignano-esperya.jpg","width":2000,"height":1333},{"@type":"BreadcrumbList","@id":"https:\/\/www.hotelesperya.it\/de\/lage\/#breadcrumb","itemListElement":[{"@type":"ListItem","position":1,"name":"Home","item":"https:\/\/www.hotelesperya.it\/de\/"},{"@type":"ListItem","position":2,"name":"Lage"}]},{"@type":"WebSite","@id":"https:\/\/www.hotelesperya.it\/de\/#website","url":"https:\/\/www.hotelesperya.it\/de\/","name":"Aparthotel Esperya","description":"Im herzen von Lignano Sabbiadoro","publisher":{"@id":"https:\/\/www.hotelesperya.it\/de\/#organization"},"potentialAction":[{"@type":"SearchAction","target":{"@type":"EntryPoint","urlTemplate":"https:\/\/www.hotelesperya.it\/de\/?s={search_term_string}"},"query-input":{"@type":"PropertyValueSpecification","valueRequired":true,"valueName":"search_term_string"}}],"inLanguage":"de"},{"@type":"Organization","@id":"https:\/\/www.hotelesperya.it\/de\/#organization","name":"Aparthotel Esperya - Lignano Sabbiadoro (UD)","url":"https:\/\/www.hotelesperya.it\/de\/","logo":{"@type":"ImageObject","inLanguage":"de","@id":"https:\/\/www.hotelesperya.it\/de\/#\/schema\/logo\/image\/","url":"https:\/\/www.hotelesperya.it\/wp-content\/uploads\/2021\/01\/logo-footer.png","contentUrl":"https:\/\/www.hotelesperya.it\/wp-content\/uploads\/2021\/01\/logo-footer.png","width":548,"height":148,"caption":"Aparthotel Esperya - Lignano Sabbiadoro (UD)"},"image":{"@id":"https:\/\/www.hotelesperya.it\/de\/#\/schema\/logo\/image\/"}}]}},"uagb_featured_image_src":{"full":["https:\/\/www.hotelesperya.it\/wp-content\/uploads\/2025\/04\/spiaggia-lignano-esperya.jpg",2000,1333,false],"thumbnail":["https:\/\/www.hotelesperya.it\/wp-content\/uploads\/2025\/04\/spiaggia-lignano-esperya-150x150.jpg",150,150,true],"medium":["https:\/\/www.hotelesperya.it\/wp-content\/uploads\/2025\/04\/spiaggia-lignano-esperya-300x200.jpg",300,200,true],"medium_large":["https:\/\/www.hotelesperya.it\/wp-content\/uploads\/2025\/04\/spiaggia-lignano-esperya-768x512.jpg",750,500,true],"large":["https:\/\/www.hotelesperya.it\/wp-content\/uploads\/2025\/04\/spiaggia-lignano-esperya-1024x682.jpg",750,500,true],"1536x1536":["https:\/\/www.hotelesperya.it\/wp-content\/uploads\/2025\/04\/spiaggia-lignano-esperya-1536x1024.jpg",1536,1024,true],"2048x2048":["https:\/\/www.hotelesperya.it\/wp-content\/uploads\/2025\/04\/spiaggia-lignano-esperya.jpg",2000,1333,false],"post-thumbnail":["https:\/\/www.hotelesperya.it\/wp-content\/uploads\/2025\/04\/spiaggia-lignano-esperya-1568x1045.jpg",1568,1045,true]},"uagb_author_info":{"display_name":"Esperya","author_link":"https:\/\/www.hotelesperya.it\/de\/author\/h0t3l-p4r1\/"},"uagb_comment_info":0,"uagb_excerpt":null,"coauthors":[],"author_meta":{"author_link":"https:\/\/www.hotelesperya.it\/de\/author\/h0t3l-p4r1\/","display_name":"Esperya"},"relative_dates":{"created":"Posted 5\u00a0Jahren ago","modified":"Updated 5\u00a0Jahren ago"},"absolute_dates":{"created":"Posted on 4 M\u00e4rz 2021","modified":"Updated on 4 M\u00e4rz 2021"},"absolute_dates_time":{"created":"Posted on 4 M\u00e4rz 2021 15:12","modified":"Updated on 4 M\u00e4rz 2021 15:15"},"featured_img_caption":"","featured_img":"https:\/\/www.hotelesperya.it\/wp-content\/uploads\/2025\/04\/spiaggia-lignano-esperya-1568x1045.jpg","series_order":"","_links":{"self":[{"href":"https:\/\/www.hotelesperya.it\/de\/wp-json\/wp\/v2\/pages\/2550","targetHints":{"allow":["GET"]}}],"collection":[{"href":"https:\/\/www.hotelesperya.it\/de\/wp-json\/wp\/v2\/pages"}],"about":[{"href":"https:\/\/www.hotelesperya.it\/de\/wp-json\/wp\/v2\/types\/page"}],"author":[{"embeddable":true,"href":"https:\/\/www.hotelesperya.it\/de\/wp-json\/wp\/v2\/users\/1"}],"replies":[{"embeddable":true,"href":"https:\/\/www.hotelesperya.it\/de\/wp-json\/wp\/v2\/comments?post=2550"}],"version-history":[{"count":0,"href":"https:\/\/www.hotelesperya.it\/de\/wp-json\/wp\/v2\/pages\/2550\/revisions"}],"wp:featuredmedia":[{"embeddable":true,"href":"https:\/\/www.hotelesperya.it\/de\/wp-json\/wp\/v2\/media\/3575"}],"wp:attachment":[{"href":"https:\/\/www.hotelesperya.it\/de\/wp-json\/wp\/v2\/media?parent=2550"}],"curies":[{"name":"wp","href":"https:\/\/api.w.org\/{rel}","templated":true}]}}