{"id":2545,"date":"2021-03-04T15:09:53","date_gmt":"2021-03-04T14:09:53","guid":{"rendered":"https:\/\/esperya.promoservicebeta.com\/?page_id=2545"},"modified":"2021-03-17T12:17:08","modified_gmt":"2021-03-17T11:17:08","slug":"kontakt","status":"publish","type":"page","link":"https:\/\/www.hotelesperya.it\/de\/kontakt\/","title":{"rendered":"Kontakt"},"content":{"rendered":"<div  class=\"grids-section grids-is-advanced alignfull\" style=\"--_gs-gap-desktop:0px 0px;--_gs-m-desktop:0 0 0 0;--_gs-p-desktop:0 0 0 0;--_gs-bg-desktop:transparent none;--_gs-bg-xp-desktop:0px;--_gs-zi-desktop:auto;--_gs-d-desktop:block;--_gs-mw-desktop:calc(100% - 0 - 0);--_gs-gap-tablet:0px 0px;--_gs-m-tablet:0 0 0 0;--_gs-p-tablet:0 0 0 0;--_gs-bg-tablet:transparent none;--_gs-bg-xp-tablet:0px;--_gs-zi-tablet:auto;--_gs-d-tablet:block;--_gs-mw-tablet:calc(100% - 0 - 0);--_gs-gap-mobile:0px 0px;--_gs-m-mobile:0 0 0 0;--_gs-p-mobile:0 10px 0 10px;--_gs-bg-mobile:transparent none;--_gs-bg-xp-mobile:0px;--_gs-zi-mobile:auto;--_gs-d-mobile:block;--_gs-mw-mobile:calc(100% - 0 - 0);--_gs-columns:12;--_gs-rows:6\"><div class=\"grids-s-w_i\">\n<div class=\"grids-area\" style=\"--_ga-column:2\/6;--_ga-row:1\/2;--_ga-m-desktop:100px 0 0 0;--_ga-p-desktop:0 40px 0 0;--_ga-bg-desktop:transparent none;--_ga-zi-desktop:auto;--_ga-d-desktop:flex;--_ga-mw-desktop:calc(100% - 0 - 0);--_ga-m-tablet:100px 0 0 0;--_ga-p-tablet:0 40px 0 0;--_ga-bg-tablet:transparent none;--_ga-zi-tablet:auto;--_ga-d-tablet:flex;--_ga-mw-tablet:calc(100% - 0 - 0);--_ga-m-mobile:100px 0 0 0;--_ga-p-mobile:0 40px 0 0;--_ga-bg-mobile:transparent none;--_ga-zi-mobile:auto;--_ga-d-mobile:flex;--_ga-mw-mobile:calc(100% - 0 - 0)\">\n\n<h2 class=\"wp-block-heading\">Kontaktdaten<\/h2>\n\n\n\n<p><strong>Aparthotel Esperya<\/strong><br>Via Udine, 74<br>33054 Lignano Sabbiadoro &#8211; Udine (ITALY)<br>Tel:&nbsp;<a href=\"tel:+390431722066\">+39.0431.722066<\/a><br>E-mail:&nbsp;<a href=\"mailto:info@parigihotel.it\">info@<\/a><a href=\"mailto:info@hotelesperya.it\">hotelesperya<\/a><a href=\"mailto:info@parigihotel.it\">.it<\/a><br><a href=\"GPS: 45\u00b0 41' 31&quot; N - 13\u00b0 8' 53&quot; E\">GPS:&nbsp;45\u00b0 38&#8242; 2&#8243; N &#8211; 13\u00b0 2&#8242; 58&#8243; E<\/a><\/p>\n\n\n\n<div style=\"height:50px\" aria-hidden=\"true\" class=\"wp-block-spacer\"><\/div>\n\n\n\n<h2 class=\"wp-block-heading\">Newsletter<\/h2>\n\n\n\n<p>Wir bitten Sie, uns Ihre Mail-Adresse bekannt zu geben, damit wir Sie bez\u00fcglich aktueller Angebote, Events und Neuigkeiten auf dem neuesten Stand halten k\u00f6nnen.<\/p>\n\n\n\n\t<section id=\"yikes-mailchimp-container-3\" class=\"yikes-mailchimp-container yikes-mailchimp-container-3 \">\n\t\t\t\t<form id=\"newsletter-de-3\" class=\"yikes-easy-mc-form yikes-easy-mc-form-3  \" method=\"POST\" data-attr-form-id=\"3\">\n\n\t\t\t\t\t\t\t\t\t\t\t\t\t<label for=\"yikes-easy-mc-form-3-EMAIL\"  class=\"EMAIL-label yikes-mailchimp-field-required \">\n\n\t\t\t\t\t\t\t\t\t\t<!-- dictate label visibility -->\n\t\t\t\t\t\t\t\t\t\t\t\t\t\t\t\t\t\t\t\t\t<span class=\"EMAIL-label\">\n\t\t\t\t\t\t\t\t\t\t\t\tIhre beste E-Mail\t\t\t\t\t\t\t\t\t\t\t<\/span>\n\t\t\t\t\t\t\t\t\t\t\n\t\t\t\t\t\t\t\t\t\t<!-- Description Above -->\n\t\t\t\t\t\t\t\t\t\t\n\t\t\t\t\t\t\t\t\t\t<input id=\"yikes-easy-mc-form-3-EMAIL\"  name=\"EMAIL\"  placeholder=\"\"  class=\"yikes-easy-mc-email \"  required=\"required\" type=\"email\"  value=\"\">\n\n\t\t\t\t\t\t\t\t\t\t<!-- Description Below -->\n\t\t\t\t\t\t\t\t\t\t\n\t\t\t\t\t\t\t\t\t<\/label>\n\t\t\t\t\t\t\t\t\t\t\t\t\t\t\t\t\t<label for=\"yikes-easy-mc-form-3-MMERGE6\" style=\"display:none;\" class=\"MMERGE6-label yikes-mailchimp-field-required \">\n\n\t\t\t\t\t\t\t\t\t<!-- dictate label visibility -->\n\t\t\t\t\t\t\t\t\t\t\t\t\t\t\t\t\t\t\t<span class=\"MMERGE6-label checkbox-parent-label\">\n\t\t\t\t\t\t\t\t\t\t\tLingua\t\t\t\t\t\t\t\t\t\t<\/span>\n\t\t\t\t\t\t\t\t\t\t\t\t\t\t\t\t\t\t\t<label for=\"MMERGE6-1\" class=\"yikes-easy-mc-checkbox-label \">\n\t\t\t\t\t\t\t\t\t\t\t<input\n\t\t\t\t\t\t\t\t\t\t\t\ttype=\"radio\"\n\t\t\t\t\t\t\t\t\t\t\t\tname=\"MMERGE6\"\n\t\t\t\t\t\t\t\t\t\t\t\tid=\"MMERGE6-1\"\n\t\t\t\t\t\t\t\t\t\t\t\t\t\t\t\t\t\t\t\t\t\t\t\trequired=\"required\"\t\t\t\t\t\t\t\t\t\t\t\tvalue=\"it\">\n\t\t\t\t\t\t\t\t\t\t\t<span class=\"MMERGE6-label\">it<\/span>\n\t\t\t\t\t\t\t\t\t\t<\/label>\n\t\t\t\t\t\t\t\t\t\t\t\t\t\t\t\t\t\t\t\t<label for=\"MMERGE6-2\" class=\"yikes-easy-mc-checkbox-label \">\n\t\t\t\t\t\t\t\t\t\t\t<input\n\t\t\t\t\t\t\t\t\t\t\t\ttype=\"radio\"\n\t\t\t\t\t\t\t\t\t\t\t\tname=\"MMERGE6\"\n\t\t\t\t\t\t\t\t\t\t\t\tid=\"MMERGE6-2\"\n\t\t\t\t\t\t\t\t\t\t\t\t\t\t\t\t\t\t\t\t\t\t\t\trequired=\"required\"\t\t\t\t\t\t\t\t\t\t\t\tvalue=\"en\">\n\t\t\t\t\t\t\t\t\t\t\t<span class=\"MMERGE6-label\">en<\/span>\n\t\t\t\t\t\t\t\t\t\t<\/label>\n\t\t\t\t\t\t\t\t\t\t\t\t\t\t\t\t\t\t\t\t<label for=\"MMERGE6-3\" class=\"yikes-easy-mc-checkbox-label  last-selection\">\n\t\t\t\t\t\t\t\t\t\t\t<input\n\t\t\t\t\t\t\t\t\t\t\t\ttype=\"radio\"\n\t\t\t\t\t\t\t\t\t\t\t\tname=\"MMERGE6\"\n\t\t\t\t\t\t\t\t\t\t\t\tid=\"MMERGE6-3\"\n\t\t\t\t\t\t\t\t\t\t\t\tchecked=\"checked\"\t\t\t\t\t\t\t\t\t\t\t\trequired=\"required\"\t\t\t\t\t\t\t\t\t\t\t\tvalue=\"de\">\n\t\t\t\t\t\t\t\t\t\t\t<span class=\"MMERGE6-label\">de<\/span>\n\t\t\t\t\t\t\t\t\t\t<\/label>\n\t\t\t\t\t\t\t\t\t\t\n\t\t\t\t\t\t\t\t<\/label>\n\t\t\t\t\t\t\t\t<label class=\"yikes-mailchimp-eu-compliance-label\"><input type=\"checkbox\" required=\"required\" name=\"eu-laws\" value=\"1\" > <div class=\"yikes-mailchimp-eu-compliance-text\"><p>* <span id=\"psnewsShort\"><\/span><\/p>\n<\/div><\/label>\n\t\t\t\t<!-- Honeypot Trap -->\n\t\t\t\t<input type=\"hidden\" name=\"yikes-mailchimp-honeypot\" id=\"yikes-mailchimp-honeypot-3\" value=\"\">\n\n\t\t\t\t<!-- List ID -->\n\t\t\t\t<input type=\"hidden\" name=\"yikes-mailchimp-associated-list-id\" id=\"yikes-mailchimp-associated-list-id-3\" value=\"f9b57a7637\">\n\n\t\t\t\t<!-- The form that is being submitted! Used to display error\/success messages above the correct form -->\n\t\t\t\t<input type=\"hidden\" name=\"yikes-mailchimp-submitted-form\" id=\"yikes-mailchimp-submitted-form-3\" value=\"3\">\n\n\t\t\t\t<!-- Submit Button -->\n\t\t\t\t<button type=\"submit\" class=\"yikes-easy-mc-submit-button yikes-easy-mc-submit-button-3 btn btn-primary \"> <span class=\"yikes-mailchimp-submit-button-span-text\">Senden<\/span><\/button>\t\t\t\t<!-- Nonce Security Check -->\n\t\t\t\t<input type=\"hidden\" id=\"yikes_easy_mc_new_subscriber_3\" name=\"yikes_easy_mc_new_subscriber\" value=\"fa5a7856b7\">\n\t\t\t\t<input type=\"hidden\" name=\"_wp_http_referer\" value=\"\/de\/wp-json\/wp\/v2\/pages\/2545\" \/>\n\t\t\t<\/form>\n\t\t\t<!-- Mailchimp Form generated by Easy Forms for Mailchimp v6.9.0 (https:\/\/wordpress.org\/plugins\/yikes-inc-easy-mailchimp-extender\/) -->\n\n\t\t\t<\/section>\n\t\n\n<\/div>\n\n<div class=\"grids-area\" style=\"--_ga-column:6\/12;--_ga-row:1\/2;--_ga-va:flex-end;--_ga-m-desktop:0 0 0 0;--_ga-p-desktop:50px 20px 20px 30px;--_ga-bg-desktop:#f8f7f7 none;--_ga-zi-desktop:auto;--_ga-d-desktop:flex;--_ga-mw-desktop:calc(100% - 0 - 0);--_ga-m-tablet:0 0 0 0;--_ga-p-tablet:50px 20px 20px 30px;--_ga-bg-tablet:#f8f7f7 none;--_ga-zi-tablet:auto;--_ga-d-tablet:flex;--_ga-mw-tablet:calc(100% - 0 - 0);--_ga-m-mobile:0 0 0 0;--_ga-p-mobile:50px 10px 20px 30px;--_ga-bg-mobile:#f8f7f7 none;--_ga-zi-mobile:auto;--_ga-d-mobile:flex;--_ga-mw-mobile:calc(100% - 0 - 0)\">\n\n<div style=\"height:77px\" aria-hidden=\"true\" class=\"wp-block-spacer\"><\/div>\n\n\n\n<h3 class=\"wp-block-heading\">Anfrage<\/h3>\n\n\n\n<div class=\"wpcf7 no-js\" id=\"wpcf7-f1901-o1\" lang=\"it-IT\" dir=\"ltr\" data-wpcf7-id=\"1901\">\n<div class=\"screen-reader-response\"><p role=\"status\" aria-live=\"polite\" aria-atomic=\"true\"><\/p> <ul><\/ul><\/div>\n<form action=\"\/de\/wp-json\/wp\/v2\/pages\/2545#wpcf7-f1901-o1\" method=\"post\" class=\"wpcf7-form init\" aria-label=\"Modulo di contatto\" novalidate=\"novalidate\" data-status=\"init\">\n<fieldset class=\"hidden-fields-container\"><input type=\"hidden\" name=\"_wpcf7\" value=\"1901\" \/><input type=\"hidden\" name=\"_wpcf7_version\" value=\"6.1.1\" \/><input type=\"hidden\" name=\"_wpcf7_locale\" value=\"it_IT\" \/><input type=\"hidden\" name=\"_wpcf7_unit_tag\" value=\"wpcf7-f1901-o1\" \/><input type=\"hidden\" name=\"_wpcf7_container_post\" value=\"0\" \/><input type=\"hidden\" name=\"_wpcf7_posted_data_hash\" value=\"\" \/>\n<\/fieldset>\n<p><span id=\"wpcf7-69f2df57e117f-wrapper\" class=\"wpcf7-form-control-wrap mail-2-wrap\" style=\"display:none !important; visibility:hidden !important;\"><label for=\"wpcf7-69f2df57e117f-field\" class=\"hp-message\">Si prega di lasciare vuoto questo campo.<\/label><input id=\"wpcf7-69f2df57e117f-field\"  class=\"wpcf7-form-control wpcf7-text\" type=\"text\" name=\"mail-2\" value=\"\" size=\"40\" tabindex=\"-1\" autocomplete=\"new-password\" \/><\/span>\n<\/p>\n<div class=\"content-column one_half\">\n\t<div style=\"padding:5px;\">\n\t\t<p><label> Name*<br \/>\n<span class=\"wpcf7-form-control-wrap\" data-name=\"your-name\"><input size=\"40\" maxlength=\"400\" class=\"wpcf7-form-control wpcf7-text wpcf7-validates-as-required\" aria-required=\"true\" aria-invalid=\"false\" value=\"\" type=\"text\" name=\"your-name\" \/><\/span><br \/>\n<\/label>\n\t\t<\/p>\n\t<\/div>\n<\/div>\n<div class=\"content-column one_half\">\n\t<div style=\"padding:5px;\">\n\t\t<p><label> Nachname*<br \/>\n<span class=\"wpcf7-form-control-wrap\" data-name=\"your-surname\"><input size=\"40\" maxlength=\"400\" class=\"wpcf7-form-control wpcf7-text wpcf7-validates-as-required\" aria-required=\"true\" aria-invalid=\"false\" value=\"\" type=\"text\" name=\"your-surname\" \/><\/span><br \/>\n<\/label>\n\t\t<\/p>\n\t<\/div>\n<\/div>\n<div class=\"clear_column\">\n<\/div>\n<div class=\"content-column one_half\">\n\t<div style=\"padding:5px;\">\n\t\t<p><label> Ankunft*<br \/>\n<span class=\"wpcf7-form-control-wrap\" data-name=\"arrivo\"><input class=\"wpcf7-form-control wpcf7-date wpcf7-validates-as-required wpcf7-validates-as-date\" aria-required=\"true\" aria-invalid=\"false\" value=\"\" type=\"date\" name=\"arrivo\" \/><\/span><br \/>\n<\/label>\n\t\t<\/p>\n\t<\/div>\n<\/div>\n<div class=\"content-column one_half\">\n\t<div style=\"padding:5px;\">\n\t\t<p><label> Abfahrt*<br \/>\n<span class=\"wpcf7-form-control-wrap\" data-name=\"partenza\"><input class=\"wpcf7-form-control wpcf7-date wpcf7-validates-as-required wpcf7-validates-as-date\" aria-required=\"true\" aria-invalid=\"false\" value=\"\" type=\"date\" name=\"partenza\" \/><\/span><br \/>\n<\/label>\n\t\t<\/p>\n\t<\/div>\n<\/div>\n<div class=\"content-column one_fourth\">\n\t<div style=\"padding:5px;\">\n\t\t<p><label class=\"adulti\"> Menschen*<br \/>\n<span class=\"wpcf7-form-control-wrap\" data-name=\"Adulti\"><select class=\"wpcf7-form-control wpcf7-select wpcf7-validates-as-required\" aria-required=\"true\" aria-invalid=\"false\" name=\"Adulti\"><option value=\"1\">1<\/option><option value=\"2\">2<\/option><option value=\"3\">3<\/option><option value=\"4\">4<\/option><option value=\"5\">5<\/option><option value=\"6\">6<\/option><\/select><\/span><br \/>\n<\/label>\n\t\t<\/p>\n\t<\/div>\n<\/div>\n<div class=\"content-column one_fourth\">\n\t<div style=\"padding:5px;\">\n\t\t<p><label class=\"bambini\"> Kinder*<br \/>\n<span class=\"wpcf7-form-control-wrap\" data-name=\"Bambini\"><select class=\"wpcf7-form-control wpcf7-select wpcf7-validates-as-required\" aria-required=\"true\" aria-invalid=\"false\" name=\"Bambini\"><option value=\"0\">0<\/option><option value=\"1\">1<\/option><option value=\"2\">2<\/option><option value=\"3\">3<\/option><option value=\"4\">4<\/option><option value=\"5\">5<\/option><\/select><\/span><br \/>\n<\/label>\n\t\t<\/p>\n\t<\/div>\n<\/div>\n<div class=\"content-column one_half\">\n\t<div style=\"padding:5px;\">\n\t\t<p><label class=\"eta\"> Kinder altern*<br \/>\n<span class=\"wpcf7-form-control-wrap\" data-name=\"eta\"><input size=\"40\" maxlength=\"400\" class=\"wpcf7-form-control wpcf7-text wpcf7-validates-as-required\" aria-required=\"true\" aria-invalid=\"false\" value=\"\" type=\"text\" name=\"eta\" \/><\/span><br \/>\n<\/label>\n\t\t<\/p>\n\t<\/div>\n<\/div>\n<div class=\"clear_column\">\n<\/div>\n<div class=\"content-column one_half\">\n\t<div style=\"padding:5px;\">\n\t\t<p><label class=\"trattamento\"> Anordnung*<br \/>\n<span class=\"wpcf7-form-control-wrap\" data-name=\"Arrangement\"><select class=\"wpcf7-form-control wpcf7-select wpcf7-validates-as-required\" aria-required=\"true\" aria-invalid=\"false\" name=\"Arrangement\"><option value=\"Vollpension\">Vollpension<\/option><option value=\"Halbpension\">Halbpension<\/option><option value=\"\u00dcbernachtung mit Fr\u00fchst\u00fcck\">\u00dcbernachtung mit Fr\u00fchst\u00fcck<\/option><\/select><\/span><br \/>\n<\/label>\n\t\t<\/p>\n\t<\/div>\n<\/div>\n<div class=\"content-column one_half\">\n\t<div style=\"padding:5px;\">\n\t\t<p><label> Email*<br \/>\n<span class=\"wpcf7-form-control-wrap\" data-name=\"email\"><input size=\"40\" maxlength=\"400\" class=\"wpcf7-form-control wpcf7-email wpcf7-validates-as-required wpcf7-text wpcf7-validates-as-email\" aria-required=\"true\" aria-invalid=\"false\" value=\"\" type=\"email\" name=\"email\" \/><\/span><br \/>\n<\/label>\n\t\t<\/p>\n\t<\/div>\n<\/div>\n<div class=\"clear_column\">\n<\/div>\n<div style=\"padding:5px;\">\n\t<p><label> Botschaft<br \/>\n<span class=\"wpcf7-form-control-wrap\" data-name=\"your-message\"><textarea cols=\"40\" rows=\"10\" maxlength=\"2000\" class=\"wpcf7-form-control wpcf7-textarea\" aria-invalid=\"false\" name=\"your-message\"><\/textarea><\/span> <\/label>\n\t<\/p>\n<\/div>\n<div class=\"privacy\">\n\t<p><span class=\"wpcf7-form-control-wrap\" data-name=\"consenso\"><span class=\"wpcf7-form-control wpcf7-acceptance\"><span class=\"wpcf7-list-item\"><input type=\"checkbox\" name=\"consenso\" value=\"1\" aria-invalid=\"false\" \/><\/span><\/span><\/span> * <span id=\"psinformativa2\"><\/span>\n\t<\/p>\n\t<p>* = Angeforderte Felder\n\t<\/p>\n<\/div>\n<p><input class=\"wpcf7-form-control wpcf7-submit has-spinner\" type=\"submit\" value=\"Senden\" \/>\n<\/p><div class=\"wpcf7-response-output\" aria-hidden=\"true\"><\/div>\n<\/form>\n<\/div>\n\n\n<\/div>\n<\/div><\/div>\n\n\n<div style=\"height:100px\" aria-hidden=\"true\" class=\"wp-block-spacer\"><\/div>\n","protected":false},"excerpt":{"rendered":"","protected":false},"author":1,"featured_media":2381,"parent":0,"menu_order":0,"comment_status":"closed","ping_status":"closed","template":"","meta":{"_acf_changed":false,"_uag_custom_page_level_css":"","advgb_blocks_editor_width":"","advgb_blocks_columns_visual_guide":"","footnotes":""},"class_list":["post-2545","page","type-page","status-publish","has-post-thumbnail","hentry","entry"],"acf":[],"yoast_head":"<!-- This site is optimized with the Yoast SEO plugin v25.6 - https:\/\/yoast.com\/wordpress\/plugins\/seo\/ -->\n<title>Aparthotel Esperya | Kontakt<\/title>\n<meta name=\"robots\" content=\"index, follow, max-snippet:-1, max-image-preview:large, max-video-preview:-1\" \/>\n<link rel=\"canonical\" href=\"https:\/\/www.hotelesperya.it\/de\/kontakt\/\" \/>\n<meta property=\"og:locale\" content=\"de_DE\" \/>\n<meta property=\"og:type\" content=\"article\" \/>\n<meta property=\"og:title\" content=\"Aparthotel Esperya | Kontakt\" \/>\n<meta property=\"og:url\" content=\"https:\/\/www.hotelesperya.it\/de\/kontakt\/\" \/>\n<meta property=\"og:site_name\" content=\"Aparthotel Esperya\" \/>\n<meta property=\"article:modified_time\" content=\"2021-03-17T11:17:08+00:00\" \/>\n<meta property=\"og:image\" content=\"https:\/\/www.hotelesperya.it\/wp-content\/uploads\/2021\/01\/Aparthotel_Esperya_Lignano_appartamento_02_large.jpg\" \/>\n\t<meta property=\"og:image:width\" content=\"2000\" \/>\n\t<meta property=\"og:image:height\" content=\"1384\" \/>\n\t<meta property=\"og:image:type\" content=\"image\/jpeg\" \/>\n<meta name=\"twitter:card\" content=\"summary_large_image\" \/>\n<meta name=\"twitter:label1\" content=\"Gesch\u00e4tzte Lesezeit\" \/>\n\t<meta name=\"twitter:data1\" content=\"1\u00a0Minute\" \/>\n<script type=\"application\/ld+json\" class=\"yoast-schema-graph\">{\"@context\":\"https:\/\/schema.org\",\"@graph\":[{\"@type\":\"WebPage\",\"@id\":\"https:\/\/www.hotelesperya.it\/de\/kontakt\/\",\"url\":\"https:\/\/www.hotelesperya.it\/de\/kontakt\/\",\"name\":\"Aparthotel Esperya | Kontakt\",\"isPartOf\":{\"@id\":\"https:\/\/www.hotelesperya.it\/de\/#website\"},\"primaryImageOfPage\":{\"@id\":\"https:\/\/www.hotelesperya.it\/de\/kontakt\/#primaryimage\"},\"image\":{\"@id\":\"https:\/\/www.hotelesperya.it\/de\/kontakt\/#primaryimage\"},\"thumbnailUrl\":\"https:\/\/www.hotelesperya.it\/wp-content\/uploads\/2021\/01\/Aparthotel_Esperya_Lignano_appartamento_02_large.jpg\",\"datePublished\":\"2021-03-04T14:09:53+00:00\",\"dateModified\":\"2021-03-17T11:17:08+00:00\",\"breadcrumb\":{\"@id\":\"https:\/\/www.hotelesperya.it\/de\/kontakt\/#breadcrumb\"},\"inLanguage\":\"de\",\"potentialAction\":[{\"@type\":\"ReadAction\",\"target\":[\"https:\/\/www.hotelesperya.it\/de\/kontakt\/\"]}]},{\"@type\":\"ImageObject\",\"inLanguage\":\"de\",\"@id\":\"https:\/\/www.hotelesperya.it\/de\/kontakt\/#primaryimage\",\"url\":\"https:\/\/www.hotelesperya.it\/wp-content\/uploads\/2021\/01\/Aparthotel_Esperya_Lignano_appartamento_02_large.jpg\",\"contentUrl\":\"https:\/\/www.hotelesperya.it\/wp-content\/uploads\/2021\/01\/Aparthotel_Esperya_Lignano_appartamento_02_large.jpg\",\"width\":2000,\"height\":1384},{\"@type\":\"BreadcrumbList\",\"@id\":\"https:\/\/www.hotelesperya.it\/de\/kontakt\/#breadcrumb\",\"itemListElement\":[{\"@type\":\"ListItem\",\"position\":1,\"name\":\"Home\",\"item\":\"https:\/\/www.hotelesperya.it\/de\/\"},{\"@type\":\"ListItem\",\"position\":2,\"name\":\"Kontakt\"}]},{\"@type\":\"WebSite\",\"@id\":\"https:\/\/www.hotelesperya.it\/de\/#website\",\"url\":\"https:\/\/www.hotelesperya.it\/de\/\",\"name\":\"Aparthotel Esperya\",\"description\":\"Im herzen von Lignano Sabbiadoro\",\"publisher\":{\"@id\":\"https:\/\/www.hotelesperya.it\/de\/#organization\"},\"potentialAction\":[{\"@type\":\"SearchAction\",\"target\":{\"@type\":\"EntryPoint\",\"urlTemplate\":\"https:\/\/www.hotelesperya.it\/de\/?s={search_term_string}\"},\"query-input\":{\"@type\":\"PropertyValueSpecification\",\"valueRequired\":true,\"valueName\":\"search_term_string\"}}],\"inLanguage\":\"de\"},{\"@type\":\"Organization\",\"@id\":\"https:\/\/www.hotelesperya.it\/de\/#organization\",\"name\":\"Aparthotel Esperya - Lignano Sabbiadoro (UD)\",\"url\":\"https:\/\/www.hotelesperya.it\/de\/\",\"logo\":{\"@type\":\"ImageObject\",\"inLanguage\":\"de\",\"@id\":\"https:\/\/www.hotelesperya.it\/de\/#\/schema\/logo\/image\/\",\"url\":\"https:\/\/www.hotelesperya.it\/wp-content\/uploads\/2021\/01\/logo-footer.png\",\"contentUrl\":\"https:\/\/www.hotelesperya.it\/wp-content\/uploads\/2021\/01\/logo-footer.png\",\"width\":548,\"height\":148,\"caption\":\"Aparthotel Esperya - Lignano Sabbiadoro (UD)\"},\"image\":{\"@id\":\"https:\/\/www.hotelesperya.it\/de\/#\/schema\/logo\/image\/\"}}]}<\/script>\n<!-- \/ Yoast SEO plugin. -->","yoast_head_json":{"title":"Aparthotel Esperya | Kontakt","robots":{"index":"index","follow":"follow","max-snippet":"max-snippet:-1","max-image-preview":"max-image-preview:large","max-video-preview":"max-video-preview:-1"},"canonical":"https:\/\/www.hotelesperya.it\/de\/kontakt\/","og_locale":"de_DE","og_type":"article","og_title":"Aparthotel Esperya | Kontakt","og_url":"https:\/\/www.hotelesperya.it\/de\/kontakt\/","og_site_name":"Aparthotel Esperya","article_modified_time":"2021-03-17T11:17:08+00:00","og_image":[{"width":2000,"height":1384,"url":"https:\/\/www.hotelesperya.it\/wp-content\/uploads\/2021\/01\/Aparthotel_Esperya_Lignano_appartamento_02_large.jpg","type":"image\/jpeg"}],"twitter_card":"summary_large_image","twitter_misc":{"Gesch\u00e4tzte Lesezeit":"1\u00a0Minute"},"schema":{"@context":"https:\/\/schema.org","@graph":[{"@type":"WebPage","@id":"https:\/\/www.hotelesperya.it\/de\/kontakt\/","url":"https:\/\/www.hotelesperya.it\/de\/kontakt\/","name":"Aparthotel Esperya | Kontakt","isPartOf":{"@id":"https:\/\/www.hotelesperya.it\/de\/#website"},"primaryImageOfPage":{"@id":"https:\/\/www.hotelesperya.it\/de\/kontakt\/#primaryimage"},"image":{"@id":"https:\/\/www.hotelesperya.it\/de\/kontakt\/#primaryimage"},"thumbnailUrl":"https:\/\/www.hotelesperya.it\/wp-content\/uploads\/2021\/01\/Aparthotel_Esperya_Lignano_appartamento_02_large.jpg","datePublished":"2021-03-04T14:09:53+00:00","dateModified":"2021-03-17T11:17:08+00:00","breadcrumb":{"@id":"https:\/\/www.hotelesperya.it\/de\/kontakt\/#breadcrumb"},"inLanguage":"de","potentialAction":[{"@type":"ReadAction","target":["https:\/\/www.hotelesperya.it\/de\/kontakt\/"]}]},{"@type":"ImageObject","inLanguage":"de","@id":"https:\/\/www.hotelesperya.it\/de\/kontakt\/#primaryimage","url":"https:\/\/www.hotelesperya.it\/wp-content\/uploads\/2021\/01\/Aparthotel_Esperya_Lignano_appartamento_02_large.jpg","contentUrl":"https:\/\/www.hotelesperya.it\/wp-content\/uploads\/2021\/01\/Aparthotel_Esperya_Lignano_appartamento_02_large.jpg","width":2000,"height":1384},{"@type":"BreadcrumbList","@id":"https:\/\/www.hotelesperya.it\/de\/kontakt\/#breadcrumb","itemListElement":[{"@type":"ListItem","position":1,"name":"Home","item":"https:\/\/www.hotelesperya.it\/de\/"},{"@type":"ListItem","position":2,"name":"Kontakt"}]},{"@type":"WebSite","@id":"https:\/\/www.hotelesperya.it\/de\/#website","url":"https:\/\/www.hotelesperya.it\/de\/","name":"Aparthotel Esperya","description":"Im herzen von Lignano Sabbiadoro","publisher":{"@id":"https:\/\/www.hotelesperya.it\/de\/#organization"},"potentialAction":[{"@type":"SearchAction","target":{"@type":"EntryPoint","urlTemplate":"https:\/\/www.hotelesperya.it\/de\/?s={search_term_string}"},"query-input":{"@type":"PropertyValueSpecification","valueRequired":true,"valueName":"search_term_string"}}],"inLanguage":"de"},{"@type":"Organization","@id":"https:\/\/www.hotelesperya.it\/de\/#organization","name":"Aparthotel Esperya - Lignano Sabbiadoro (UD)","url":"https:\/\/www.hotelesperya.it\/de\/","logo":{"@type":"ImageObject","inLanguage":"de","@id":"https:\/\/www.hotelesperya.it\/de\/#\/schema\/logo\/image\/","url":"https:\/\/www.hotelesperya.it\/wp-content\/uploads\/2021\/01\/logo-footer.png","contentUrl":"https:\/\/www.hotelesperya.it\/wp-content\/uploads\/2021\/01\/logo-footer.png","width":548,"height":148,"caption":"Aparthotel Esperya - Lignano Sabbiadoro (UD)"},"image":{"@id":"https:\/\/www.hotelesperya.it\/de\/#\/schema\/logo\/image\/"}}]}},"uagb_featured_image_src":{"full":["https:\/\/www.hotelesperya.it\/wp-content\/uploads\/2021\/01\/Aparthotel_Esperya_Lignano_appartamento_02_large.jpg",2000,1384,false],"thumbnail":["https:\/\/www.hotelesperya.it\/wp-content\/uploads\/2021\/01\/Aparthotel_Esperya_Lignano_appartamento_02_large-150x150.jpg",150,150,true],"medium":["https:\/\/www.hotelesperya.it\/wp-content\/uploads\/2021\/01\/Aparthotel_Esperya_Lignano_appartamento_02_large-300x208.jpg",300,208,true],"medium_large":["https:\/\/www.hotelesperya.it\/wp-content\/uploads\/2021\/01\/Aparthotel_Esperya_Lignano_appartamento_02_large-768x531.jpg",750,519,true],"large":["https:\/\/www.hotelesperya.it\/wp-content\/uploads\/2021\/01\/Aparthotel_Esperya_Lignano_appartamento_02_large-1024x709.jpg",750,519,true],"1536x1536":["https:\/\/www.hotelesperya.it\/wp-content\/uploads\/2021\/01\/Aparthotel_Esperya_Lignano_appartamento_02_large-1536x1063.jpg",1536,1063,true],"2048x2048":["https:\/\/www.hotelesperya.it\/wp-content\/uploads\/2021\/01\/Aparthotel_Esperya_Lignano_appartamento_02_large.jpg",2000,1384,false],"post-thumbnail":["https:\/\/www.hotelesperya.it\/wp-content\/uploads\/2021\/01\/Aparthotel_Esperya_Lignano_appartamento_02_large-1568x1085.jpg",1568,1085,true]},"uagb_author_info":{"display_name":"Esperya","author_link":"https:\/\/www.hotelesperya.it\/de\/author\/h0t3l-p4r1\/"},"uagb_comment_info":0,"uagb_excerpt":null,"coauthors":[],"author_meta":{"author_link":"https:\/\/www.hotelesperya.it\/de\/author\/h0t3l-p4r1\/","display_name":"Esperya"},"relative_dates":{"created":"Posted 5\u00a0Jahren ago","modified":"Updated 5\u00a0Jahren ago"},"absolute_dates":{"created":"Posted on 4 M\u00e4rz 2021","modified":"Updated on 17 M\u00e4rz 2021"},"absolute_dates_time":{"created":"Posted on 4 M\u00e4rz 2021 15:09","modified":"Updated on 17 M\u00e4rz 2021 12:17"},"featured_img_caption":"","featured_img":"https:\/\/www.hotelesperya.it\/wp-content\/uploads\/2021\/01\/Aparthotel_Esperya_Lignano_appartamento_02_large-1568x1085.jpg","series_order":"","_links":{"self":[{"href":"https:\/\/www.hotelesperya.it\/de\/wp-json\/wp\/v2\/pages\/2545","targetHints":{"allow":["GET"]}}],"collection":[{"href":"https:\/\/www.hotelesperya.it\/de\/wp-json\/wp\/v2\/pages"}],"about":[{"href":"https:\/\/www.hotelesperya.it\/de\/wp-json\/wp\/v2\/types\/page"}],"author":[{"embeddable":true,"href":"https:\/\/www.hotelesperya.it\/de\/wp-json\/wp\/v2\/users\/1"}],"replies":[{"embeddable":true,"href":"https:\/\/www.hotelesperya.it\/de\/wp-json\/wp\/v2\/comments?post=2545"}],"version-history":[{"count":0,"href":"https:\/\/www.hotelesperya.it\/de\/wp-json\/wp\/v2\/pages\/2545\/revisions"}],"wp:featuredmedia":[{"embeddable":true,"href":"https:\/\/www.hotelesperya.it\/de\/wp-json\/wp\/v2\/media\/2381"}],"wp:attachment":[{"href":"https:\/\/www.hotelesperya.it\/de\/wp-json\/wp\/v2\/media?parent=2545"}],"curies":[{"name":"wp","href":"https:\/\/api.w.org\/{rel}","templated":true}]}}