{"id":2541,"date":"2021-03-04T14:46:27","date_gmt":"2021-03-04T13:46:27","guid":{"rendered":"https:\/\/esperya.promoservicebeta.com\/?page_id=2541"},"modified":"2021-03-04T15:01:29","modified_gmt":"2021-03-04T14:01:29","slug":"ausfluege-von-lignano","status":"publish","type":"page","link":"https:\/\/www.hotelesperya.it\/de\/ausfluege-von-lignano\/","title":{"rendered":"Ausfl\u00fcge von Lignano"},"content":{"rendered":"<div  class=\"grids-section grids-is-advanced alignfull\" style=\"--_gs-gap-desktop:0px 0px;--_gs-m-desktop:0 0 0 0;--_gs-p-desktop:0 0 30px 0;--_gs-bg-desktop:transparent none;--_gs-bg-xp-desktop:0px;--_gs-zi-desktop:auto;--_gs-d-desktop:block;--_gs-mw-desktop:calc(100% - 0 - 0);--_gs-gap-tablet:0px 0px;--_gs-m-tablet:0 0 0 0;--_gs-p-tablet:0 0 30px 0;--_gs-bg-tablet:transparent none;--_gs-bg-xp-tablet:0px;--_gs-zi-tablet:auto;--_gs-d-tablet:block;--_gs-mw-tablet:calc(100% - 0 - 0);--_gs-gap-mobile:0px 0px;--_gs-m-mobile:0 0 0 0;--_gs-p-mobile:0 16px 30px 16px;--_gs-bg-mobile:transparent none;--_gs-bg-xp-mobile:0px;--_gs-zi-mobile:auto;--_gs-d-mobile:block;--_gs-mw-mobile:calc(100% - 0 - 0);--_gs-columns:12;--_gs-rows:6\"><div class=\"grids-s-w_i\">\n<div class=\"grids-area\" style=\"--_ga-column:2\/7;--_ga-row:1\/2;--_ga-m-desktop:40px 0 0 0;--_ga-p-desktop:0 0 0 0;--_ga-bg-desktop:transparent none;--_ga-zi-desktop:auto;--_ga-d-desktop:flex;--_ga-mw-desktop:calc(100% - 0 - 0);--_ga-m-tablet:40px 0 0 0;--_ga-p-tablet:0 0 0 0;--_ga-bg-tablet:transparent none;--_ga-zi-tablet:auto;--_ga-d-tablet:flex;--_ga-mw-tablet:calc(100% - 0 - 0);--_ga-m-mobile:40px 0 0 0;--_ga-p-mobile:0 0 0 0;--_ga-bg-mobile:transparent none;--_ga-zi-mobile:auto;--_ga-d-mobile:flex;--_ga-mw-mobile:calc(100% - 0 - 0)\">\n\n<h1 class=\"wp-block-heading\">Ausfl\u00fcge von Lignano<\/h1>\n\n\n\n<h2 class=\"wp-block-heading\">Zeitreise<\/h2>\n\n<\/div>\n\n<div class=\"grids-area\" style=\"--_ga-column:2\/7;--_ga-row:2\/3;--_ga-m-desktop:0 0 0 0;--_ga-p-desktop:0 20px 0 0;--_ga-bg-desktop:transparent none;--_ga-zi-desktop:auto;--_ga-d-desktop:flex;--_ga-mw-desktop:calc(100% - 0 - 0);--_ga-m-tablet:0 0 0 0;--_ga-p-tablet:0 20px 0 0;--_ga-bg-tablet:transparent none;--_ga-zi-tablet:auto;--_ga-d-tablet:flex;--_ga-mw-tablet:calc(100% - 0 - 0);--_ga-m-mobile:0 0 0 0;--_ga-p-mobile:0 0px 0 0;--_ga-bg-mobile:transparent none;--_ga-zi-mobile:auto;--_ga-d-mobile:flex;--_ga-mw-mobile:calc(100% - 0 - 0)\">\n\n<p>An einem klaren Tag, wenn der Bora-Wind bl\u00e4st, oder nach einem Sommersturm, gehen Sie auf die Terrasse im obersten Stock des Aparthotel Esperya und genie\u00dfen Sie den herrlichen Ausblick. Sie erblicken die Gipfelspitzen der Dolomiten und der Friulanischen Alpen, mit der Adria im Hintergrund. Das Schauspiel einer ruhmreichen Geschichte, wo jeder Stein, jede kleine Kirche, jeder H\u00fcgel und jede Insel wertvolle Erinnerungen einer gro\u00dfen Vergangenheit bewahrt.<\/p>\n\n\n\n<p>Nur wenige Kilometer von Lignano entfernt, befinden sich die Ausgrabungen von Aquileia. Diese Stadt stellt eine&nbsp; wichtige kommerzielle und politische Entwicklung des Christentums des R\u00f6mischen Reiches dar. Im Norden befindet&nbsp; sich Cividale, der Grundstein der Lombardo Herrschaft in Italien.<\/p>\n\n<\/div>\n\n<div class=\"grids-area\" style=\"--_ga-column:7\/12;--_ga-row:2\/3;--_ga-m-desktop:0 0 0 0;--_ga-p-desktop:0 0 0 20px;--_ga-bg-desktop:transparent none;--_ga-zi-desktop:auto;--_ga-d-desktop:flex;--_ga-mw-desktop:calc(100% - 0 - 0);--_ga-m-tablet:0 0 0 0;--_ga-p-tablet:0 0 0 20px;--_ga-bg-tablet:transparent none;--_ga-zi-tablet:auto;--_ga-d-tablet:flex;--_ga-mw-tablet:calc(100% - 0 - 0);--_ga-m-mobile:0 0 0 0;--_ga-p-mobile:0 0 0 0px;--_ga-bg-mobile:transparent none;--_ga-zi-mobile:auto;--_ga-d-mobile:flex;--_ga-mw-mobile:calc(100% - 0 - 0)\">\n\n<p>Entlang der K\u00fcste, tragen die St\u00e4dte von Grado, Marano und Caorle die Spuren der V\u00f6lkerwanderung, der Flucht der Bewohner, der reichen H\u00e4ndler mit dem Osten und der Pracht der Republik von Venedig. W\u00e4hrend Ihres Urlaubs in Lignano verpassen Sie nicht eine Ausflug zu nahe gelegenen St\u00e4dten wie Venedig, Triest, Verona und Treviso. Aber wir schlagen Ihnen vor, auch die kleinen D\u00f6rfer mit ihren wunderbaren Sch\u00e4tzen zu besuchen.<\/p>\n\n\n\n<p>Unsere Mitarbeiter werden Ihnen gerne unvergessliche Routen vorschlagen, die meisten weniger als eine Autostunde von Lignano Sabbiadoro entfernt. Informationsmaterial finden Sie an unserer Rezeption.<\/p>\n\n<\/div>\n<\/div><\/div>\n\n<div  class=\"grids-section grids-is-advanced alignfull\" style=\"--_gs-gap-desktop:0px 0px;--_gs-m-desktop:0 0 0 0;--_gs-p-desktop:0 0 0 10px;--_gs-bg-desktop:transparent none;--_gs-bg-xp-desktop:0px;--_gs-zi-desktop:auto;--_gs-d-desktop:block;--_gs-mw-desktop:calc(100% - 0 - 0);--_gs-gap-tablet:0px 0px;--_gs-m-tablet:0 0 0 0;--_gs-p-tablet:0 0 0 10px;--_gs-bg-tablet:transparent none;--_gs-bg-xp-tablet:0px;--_gs-zi-tablet:auto;--_gs-d-tablet:block;--_gs-mw-tablet:calc(100% - 0 - 0);--_gs-gap-mobile:0px 0px;--_gs-m-mobile:0 0 0 10px;--_gs-p-mobile:0 0 0 10px;--_gs-bg-mobile:transparent none;--_gs-bg-xp-mobile:0px;--_gs-zi-mobile:auto;--_gs-d-mobile:block;--_gs-mw-mobile:calc(100% - 10px - 0);--_gs-columns:12;--_gs-rows:6\"><div class=\"grids-s-w_i\">\n<div class=\"grids-area\" style=\"--_ga-column:2\/12;--_ga-row:1\/2;--_ga-m-desktop:0 0 0 0;--_ga-p-desktop:0 0 0 0;--_ga-bg-desktop:transparent none;--_ga-zi-desktop:auto;--_ga-d-desktop:flex;--_ga-mw-desktop:calc(100% - 0 - 0);--_ga-m-tablet:0 0 0 0;--_ga-p-tablet:0 0 0 0;--_ga-bg-tablet:transparent none;--_ga-zi-tablet:auto;--_ga-d-tablet:flex;--_ga-mw-tablet:calc(100% - 0 - 0);--_ga-m-mobile:0 0 0 0;--_ga-p-mobile:0 0 0 0;--_ga-bg-mobile:transparent none;--_ga-zi-mobile:auto;--_ga-d-mobile:flex;--_ga-mw-mobile:calc(100% - 0 - 0)\">\n\n<div class=\"excursions-list-container\">\n\t\t\t\t\t<div class=\"excursions-list-container-single\">\n\t\t\t\t<a href=\"https:\/\/www.hotelesperya.it\/de\/excursions\/verona\/\" title=\"Verona\">\n\t\t\t\t\t<div class=\"excursions-list-container-single-img\" style=\"background-image: url(https:\/\/www.hotelesperya.it\/wp-content\/uploads\/2021\/01\/Verona_Arena.jpg)\">\n\t\t\t\t\t<\/div>\n\t\t\t\t<\/a>\n\t\t\t\t\n\t\t\t\t<a href=\"https:\/\/www.hotelesperya.it\/de\/excursions\/verona\/\" title=\"Verona\">\n\t\t\t\t\t<h3>Verona<\/h3>\n\t\t\t\t<\/a>\n\t\t\t\t\n\t\t\t\t<div class=\"excursions-list-container-single-short-description\">\n\t\t\t\t\t<p>Jeder weiss es, Verona ist die Stadt von Romeo und Julia&#8230;<\/p>\n\t\t\t\t<\/div>\n\t\t\t\t\n\t\t\t\t<a href=\"https:\/\/www.hotelesperya.it\/de\/excursions\/verona\/\" title=\"Verona\" class=\"btn excursions-list-container-single-button\">\n\t\t\t\t\tEntdecken\t\t\t\t<\/a>\n\t\t\t<\/div>\n\t\t\t\t\t\t<div class=\"excursions-list-container-single\">\n\t\t\t\t<a href=\"https:\/\/www.hotelesperya.it\/de\/excursions\/venezia\/\" title=\"Venedig\">\n\t\t\t\t\t<div class=\"excursions-list-container-single-img\" style=\"background-image: url(https:\/\/www.hotelesperya.it\/wp-content\/uploads\/2021\/01\/venezia.jpg)\">\n\t\t\t\t\t<\/div>\n\t\t\t\t<\/a>\n\t\t\t\t\n\t\t\t\t<a href=\"https:\/\/www.hotelesperya.it\/de\/excursions\/venezia\/\" title=\"Venedig\">\n\t\t\t\t\t<h3>Venedig<\/h3>\n\t\t\t\t<\/a>\n\t\t\t\t\n\t\t\t\t<div class=\"excursions-list-container-single-short-description\">\n\t\t\t\t\t<p>Venedig ist eine Stadt an der Adria im Nordosten Italiens. Sie ist die Hauptstadt der Region Venetien und der Provinz Venedig.<\/p>\n\t\t\t\t<\/div>\n\t\t\t\t\n\t\t\t\t<a href=\"https:\/\/www.hotelesperya.it\/de\/excursions\/venezia\/\" title=\"Venedig\" class=\"btn excursions-list-container-single-button\">\n\t\t\t\t\tEntdecken\t\t\t\t<\/a>\n\t\t\t<\/div>\n\t\t\t\t\t\t<div class=\"excursions-list-container-single\">\n\t\t\t\t<a href=\"https:\/\/www.hotelesperya.it\/de\/excursions\/padova\/\" title=\"Padova\">\n\t\t\t\t\t<div class=\"excursions-list-container-single-img\" style=\"background-image: url(https:\/\/www.hotelesperya.it\/wp-content\/uploads\/2021\/01\/Padova_cover.jpg)\">\n\t\t\t\t\t<\/div>\n\t\t\t\t<\/a>\n\t\t\t\t\n\t\t\t\t<a href=\"https:\/\/www.hotelesperya.it\/de\/excursions\/padova\/\" title=\"Padova\">\n\t\t\t\t\t<h3>Padova<\/h3>\n\t\t\t\t<\/a>\n\t\t\t\t\n\t\t\t\t<div class=\"excursions-list-container-single-short-description\">\n\t\t\t\t\t<p>Wenn Sie sie noch nicht kennen, sollten Sie diese stolze und reiche Stadt in der N\u00e4he von Venedig auf Ihrer n\u00e4chsten Italienreise auf jeden Fall einplanen. Sie werden es nicht bereuen.<\/p>\n\t\t\t\t<\/div>\n\t\t\t\t\n\t\t\t\t<a href=\"https:\/\/www.hotelesperya.it\/de\/excursions\/padova\/\" title=\"Padova\" class=\"btn excursions-list-container-single-button\">\n\t\t\t\t\tEntdecken\t\t\t\t<\/a>\n\t\t\t<\/div>\n\t\t\t\t\t\t<div class=\"excursions-list-container-single\">\n\t\t\t\t<a href=\"https:\/\/www.hotelesperya.it\/de\/excursions\/trieste\/\" title=\"Trieste\">\n\t\t\t\t\t<div class=\"excursions-list-container-single-img\" style=\"background-image: url(https:\/\/www.hotelesperya.it\/wp-content\/uploads\/2021\/01\/cover-piazza-Repubblica-Trieste-2.jpg)\">\n\t\t\t\t\t<\/div>\n\t\t\t\t<\/a>\n\t\t\t\t\n\t\t\t\t<a href=\"https:\/\/www.hotelesperya.it\/de\/excursions\/trieste\/\" title=\"Trieste\">\n\t\t\t\t\t<h3>Trieste<\/h3>\n\t\t\t\t<\/a>\n\t\t\t\t\n\t\t\t\t<div class=\"excursions-list-container-single-short-description\">\n\t\t\t\t\t<p>Triest war von 1382 bis 1919, mit kurzen Unterbrechungen, unter habsburgisch-\u00f6sterreichischer Herrschaft und diese 500 Jahre haben im Stadtbild ihre Spuren hinterlassen.<\/p>\n\t\t\t\t<\/div>\n\t\t\t\t\n\t\t\t\t<a href=\"https:\/\/www.hotelesperya.it\/de\/excursions\/trieste\/\" title=\"Trieste\" class=\"btn excursions-list-container-single-button\">\n\t\t\t\t\tEntdecken\t\t\t\t<\/a>\n\t\t\t<\/div>\n\t\t\t\t\t\t<div class=\"excursions-list-container-single\">\n\t\t\t\t<a href=\"https:\/\/www.hotelesperya.it\/de\/excursions\/portogruaro\/\" title=\"Portogruaro\">\n\t\t\t\t\t<div class=\"excursions-list-container-single-img\" style=\"background-image: url(https:\/\/www.hotelesperya.it\/wp-content\/uploads\/2021\/01\/cover_portogruaro-1.jpg)\">\n\t\t\t\t\t<\/div>\n\t\t\t\t<\/a>\n\t\t\t\t\n\t\t\t\t<a href=\"https:\/\/www.hotelesperya.it\/de\/excursions\/portogruaro\/\" title=\"Portogruaro\">\n\t\t\t\t\t<h3>Portogruaro<\/h3>\n\t\t\t\t<\/a>\n\t\t\t\t\n\t\t\t\t<div class=\"excursions-list-container-single-short-description\">\n\t\t\t\t\t<p>Portogruaro ist eine Stadt der Kunst, die zwischen Mittelalter und Renaissance schwebt, Hauptstadt des \u00f6stlichen Venetiens und nahe gelegen an einer Vielzahl historisch-kulturellen, landschaftlich interessanten und endogastronomisch wertvollen Reiserouten ist.<\/p>\n\t\t\t\t<\/div>\n\t\t\t\t\n\t\t\t\t<a href=\"https:\/\/www.hotelesperya.it\/de\/excursions\/portogruaro\/\" title=\"Portogruaro\" class=\"btn excursions-list-container-single-button\">\n\t\t\t\t\tEntdecken\t\t\t\t<\/a>\n\t\t\t<\/div>\n\t\t\t\t\t\t<div class=\"excursions-list-container-single\">\n\t\t\t\t<a href=\"https:\/\/www.hotelesperya.it\/de\/excursions\/sesto-al-reghena\/\" title=\"Sesto al Reghena\">\n\t\t\t\t\t<div class=\"excursions-list-container-single-img\" style=\"background-image: url(https:\/\/www.hotelesperya.it\/wp-content\/uploads\/2021\/01\/Sesto_al_reghena_01.jpg)\">\n\t\t\t\t\t<\/div>\n\t\t\t\t<\/a>\n\t\t\t\t\n\t\t\t\t<a href=\"https:\/\/www.hotelesperya.it\/de\/excursions\/sesto-al-reghena\/\" title=\"Sesto al Reghena\">\n\t\t\t\t\t<h3>Sesto al Reghena<\/h3>\n\t\t\t\t<\/a>\n\t\t\t\t\n\t\t\t\t<div class=\"excursions-list-container-single-short-description\">\n\t\t\t\t\t<p>Die Gemeinde Sesto al Reghena liegt in Nordost-Italien in der Region Friaul-Julisch Venetien, s\u00fcdlich von Pordenone in der venezianischen Tiefebene.<\/p>\n\t\t\t\t<\/div>\n\t\t\t\t\n\t\t\t\t<a href=\"https:\/\/www.hotelesperya.it\/de\/excursions\/sesto-al-reghena\/\" title=\"Sesto al Reghena\" class=\"btn excursions-list-container-single-button\">\n\t\t\t\t\tEntdecken\t\t\t\t<\/a>\n\t\t\t<\/div>\n\t\t\t\t\t\t<div class=\"excursions-list-container-single\">\n\t\t\t\t<a href=\"https:\/\/www.hotelesperya.it\/de\/excursions\/concordia-sagittaria\/\" title=\"Concordia Sagittaria\">\n\t\t\t\t\t<div class=\"excursions-list-container-single-img\" style=\"background-image: url(https:\/\/www.hotelesperya.it\/wp-content\/uploads\/2021\/01\/concordia-sagittaria-4.jpg)\">\n\t\t\t\t\t<\/div>\n\t\t\t\t<\/a>\n\t\t\t\t\n\t\t\t\t<a href=\"https:\/\/www.hotelesperya.it\/de\/excursions\/concordia-sagittaria\/\" title=\"Concordia Sagittaria\">\n\t\t\t\t\t<h3>Concordia Sagittaria<\/h3>\n\t\t\t\t<\/a>\n\t\t\t\t\n\t\t\t\t<div class=\"excursions-list-container-single-short-description\">\n\t\t\t\t\t<p>Concordia Sagittaria ist eine Gemeinde in der italienischen Provinz Venedig. Sie liegt am Fluss Lemene unmittelbar s\u00fcdlich der Stadt Portogruaro und etwa 80 km nord\u00f6stlich von Venedig. Concordia ist katholischer Bischofssitz.<\/p>\n\t\t\t\t<\/div>\n\t\t\t\t\n\t\t\t\t<a href=\"https:\/\/www.hotelesperya.it\/de\/excursions\/concordia-sagittaria\/\" title=\"Concordia Sagittaria\" class=\"btn excursions-list-container-single-button\">\n\t\t\t\t\tEntdecken\t\t\t\t<\/a>\n\t\t\t<\/div>\n\t\t\t\t\t\t<div class=\"excursions-list-container-single\">\n\t\t\t\t<a href=\"https:\/\/www.hotelesperya.it\/de\/excursions\/villa-manin\/\" title=\"Villa Manin\">\n\t\t\t\t\t<div class=\"excursions-list-container-single-img\" style=\"background-image: url(https:\/\/www.hotelesperya.it\/wp-content\/uploads\/2021\/01\/Villa-Manin-P04.jpg)\">\n\t\t\t\t\t<\/div>\n\t\t\t\t<\/a>\n\t\t\t\t\n\t\t\t\t<a href=\"https:\/\/www.hotelesperya.it\/de\/excursions\/villa-manin\/\" title=\"Villa Manin\">\n\t\t\t\t\t<h3>Villa Manin<\/h3>\n\t\t\t\t<\/a>\n\t\t\t\t\n\t\t\t\t<div class=\"excursions-list-container-single-short-description\">\n\t\t\t\t\t<p>Einen Besuch ist die herrliche Villa Manin, die Sommerresidenz des letzten venezianischen Dogen, unbedingt wert: Sch\u00f6nheit, Geschichte und architektonische Vollkommenheit sind in dieser im 17. Jh. erbauten Adelsvilla vereint, die ein reizvoller Park mit B\u00e4umen aus aller Welt schm\u00fcckt.<\/p>\n\t\t\t\t<\/div>\n\t\t\t\t\n\t\t\t\t<a href=\"https:\/\/www.hotelesperya.it\/de\/excursions\/villa-manin\/\" title=\"Villa Manin\" class=\"btn excursions-list-container-single-button\">\n\t\t\t\t\tEntdecken\t\t\t\t<\/a>\n\t\t\t<\/div>\n\t\t\t<\/div>\n\n\n\n<\/div>\n<\/div><\/div>","protected":false},"excerpt":{"rendered":"","protected":false},"author":1,"featured_media":894,"parent":0,"menu_order":0,"comment_status":"closed","ping_status":"closed","template":"","meta":{"_acf_changed":false,"_uag_custom_page_level_css":"","advgb_blocks_editor_width":"","advgb_blocks_columns_visual_guide":"","footnotes":""},"class_list":["post-2541","page","type-page","status-publish","has-post-thumbnail","hentry","entry"],"acf":[],"yoast_head":"<!-- This site is optimized with the Yoast SEO plugin v25.6 - https:\/\/yoast.com\/wordpress\/plugins\/seo\/ -->\n<title>Aparthotel Esperya | Ausfl\u00fcge von Lignano<\/title>\n<meta name=\"robots\" content=\"index, follow, max-snippet:-1, max-image-preview:large, max-video-preview:-1\" \/>\n<link rel=\"canonical\" href=\"https:\/\/www.hotelesperya.it\/de\/ausfluege-von-lignano\/\" \/>\n<meta property=\"og:locale\" content=\"de_DE\" \/>\n<meta property=\"og:type\" content=\"article\" \/>\n<meta property=\"og:title\" content=\"Aparthotel Esperya | Ausfl\u00fcge von Lignano\" \/>\n<meta property=\"og:url\" content=\"https:\/\/www.hotelesperya.it\/de\/ausfluege-von-lignano\/\" \/>\n<meta property=\"og:site_name\" content=\"Aparthotel Esperya\" \/>\n<meta property=\"article:modified_time\" content=\"2021-03-04T14:01:29+00:00\" \/>\n<meta property=\"og:image\" content=\"https:\/\/www.hotelesperya.it\/wp-content\/uploads\/2021\/01\/Hotel_parigi_Escursioni_da_bibione_cover.jpg\" \/>\n\t<meta property=\"og:image:width\" content=\"2000\" \/>\n\t<meta property=\"og:image:height\" content=\"1163\" \/>\n\t<meta property=\"og:image:type\" content=\"image\/jpeg\" \/>\n<meta name=\"twitter:card\" content=\"summary_large_image\" \/>\n<meta name=\"twitter:label1\" content=\"Gesch\u00e4tzte Lesezeit\" \/>\n\t<meta name=\"twitter:data1\" content=\"1\u00a0Minute\" \/>\n<script type=\"application\/ld+json\" class=\"yoast-schema-graph\">{\"@context\":\"https:\/\/schema.org\",\"@graph\":[{\"@type\":\"WebPage\",\"@id\":\"https:\/\/www.hotelesperya.it\/de\/ausfluege-von-lignano\/\",\"url\":\"https:\/\/www.hotelesperya.it\/de\/ausfluege-von-lignano\/\",\"name\":\"Aparthotel Esperya | Ausfl\u00fcge von Lignano\",\"isPartOf\":{\"@id\":\"https:\/\/www.hotelesperya.it\/de\/#website\"},\"primaryImageOfPage\":{\"@id\":\"https:\/\/www.hotelesperya.it\/de\/ausfluege-von-lignano\/#primaryimage\"},\"image\":{\"@id\":\"https:\/\/www.hotelesperya.it\/de\/ausfluege-von-lignano\/#primaryimage\"},\"thumbnailUrl\":\"https:\/\/www.hotelesperya.it\/wp-content\/uploads\/2021\/01\/Hotel_parigi_Escursioni_da_bibione_cover.jpg\",\"datePublished\":\"2021-03-04T13:46:27+00:00\",\"dateModified\":\"2021-03-04T14:01:29+00:00\",\"breadcrumb\":{\"@id\":\"https:\/\/www.hotelesperya.it\/de\/ausfluege-von-lignano\/#breadcrumb\"},\"inLanguage\":\"de\",\"potentialAction\":[{\"@type\":\"ReadAction\",\"target\":[\"https:\/\/www.hotelesperya.it\/de\/ausfluege-von-lignano\/\"]}]},{\"@type\":\"ImageObject\",\"inLanguage\":\"de\",\"@id\":\"https:\/\/www.hotelesperya.it\/de\/ausfluege-von-lignano\/#primaryimage\",\"url\":\"https:\/\/www.hotelesperya.it\/wp-content\/uploads\/2021\/01\/Hotel_parigi_Escursioni_da_bibione_cover.jpg\",\"contentUrl\":\"https:\/\/www.hotelesperya.it\/wp-content\/uploads\/2021\/01\/Hotel_parigi_Escursioni_da_bibione_cover.jpg\",\"width\":2000,\"height\":1163},{\"@type\":\"BreadcrumbList\",\"@id\":\"https:\/\/www.hotelesperya.it\/de\/ausfluege-von-lignano\/#breadcrumb\",\"itemListElement\":[{\"@type\":\"ListItem\",\"position\":1,\"name\":\"Home\",\"item\":\"https:\/\/www.hotelesperya.it\/de\/\"},{\"@type\":\"ListItem\",\"position\":2,\"name\":\"Ausfl\u00fcge von Lignano\"}]},{\"@type\":\"WebSite\",\"@id\":\"https:\/\/www.hotelesperya.it\/de\/#website\",\"url\":\"https:\/\/www.hotelesperya.it\/de\/\",\"name\":\"Aparthotel Esperya\",\"description\":\"Im herzen von Lignano Sabbiadoro\",\"publisher\":{\"@id\":\"https:\/\/www.hotelesperya.it\/de\/#organization\"},\"potentialAction\":[{\"@type\":\"SearchAction\",\"target\":{\"@type\":\"EntryPoint\",\"urlTemplate\":\"https:\/\/www.hotelesperya.it\/de\/?s={search_term_string}\"},\"query-input\":{\"@type\":\"PropertyValueSpecification\",\"valueRequired\":true,\"valueName\":\"search_term_string\"}}],\"inLanguage\":\"de\"},{\"@type\":\"Organization\",\"@id\":\"https:\/\/www.hotelesperya.it\/de\/#organization\",\"name\":\"Aparthotel Esperya - Lignano Sabbiadoro (UD)\",\"url\":\"https:\/\/www.hotelesperya.it\/de\/\",\"logo\":{\"@type\":\"ImageObject\",\"inLanguage\":\"de\",\"@id\":\"https:\/\/www.hotelesperya.it\/de\/#\/schema\/logo\/image\/\",\"url\":\"https:\/\/www.hotelesperya.it\/wp-content\/uploads\/2021\/01\/logo-footer.png\",\"contentUrl\":\"https:\/\/www.hotelesperya.it\/wp-content\/uploads\/2021\/01\/logo-footer.png\",\"width\":548,\"height\":148,\"caption\":\"Aparthotel Esperya - Lignano Sabbiadoro (UD)\"},\"image\":{\"@id\":\"https:\/\/www.hotelesperya.it\/de\/#\/schema\/logo\/image\/\"}}]}<\/script>\n<!-- \/ Yoast SEO plugin. -->","yoast_head_json":{"title":"Aparthotel Esperya | Ausfl\u00fcge von Lignano","robots":{"index":"index","follow":"follow","max-snippet":"max-snippet:-1","max-image-preview":"max-image-preview:large","max-video-preview":"max-video-preview:-1"},"canonical":"https:\/\/www.hotelesperya.it\/de\/ausfluege-von-lignano\/","og_locale":"de_DE","og_type":"article","og_title":"Aparthotel Esperya | Ausfl\u00fcge von Lignano","og_url":"https:\/\/www.hotelesperya.it\/de\/ausfluege-von-lignano\/","og_site_name":"Aparthotel Esperya","article_modified_time":"2021-03-04T14:01:29+00:00","og_image":[{"width":2000,"height":1163,"url":"https:\/\/www.hotelesperya.it\/wp-content\/uploads\/2021\/01\/Hotel_parigi_Escursioni_da_bibione_cover.jpg","type":"image\/jpeg"}],"twitter_card":"summary_large_image","twitter_misc":{"Gesch\u00e4tzte Lesezeit":"1\u00a0Minute"},"schema":{"@context":"https:\/\/schema.org","@graph":[{"@type":"WebPage","@id":"https:\/\/www.hotelesperya.it\/de\/ausfluege-von-lignano\/","url":"https:\/\/www.hotelesperya.it\/de\/ausfluege-von-lignano\/","name":"Aparthotel Esperya | Ausfl\u00fcge von Lignano","isPartOf":{"@id":"https:\/\/www.hotelesperya.it\/de\/#website"},"primaryImageOfPage":{"@id":"https:\/\/www.hotelesperya.it\/de\/ausfluege-von-lignano\/#primaryimage"},"image":{"@id":"https:\/\/www.hotelesperya.it\/de\/ausfluege-von-lignano\/#primaryimage"},"thumbnailUrl":"https:\/\/www.hotelesperya.it\/wp-content\/uploads\/2021\/01\/Hotel_parigi_Escursioni_da_bibione_cover.jpg","datePublished":"2021-03-04T13:46:27+00:00","dateModified":"2021-03-04T14:01:29+00:00","breadcrumb":{"@id":"https:\/\/www.hotelesperya.it\/de\/ausfluege-von-lignano\/#breadcrumb"},"inLanguage":"de","potentialAction":[{"@type":"ReadAction","target":["https:\/\/www.hotelesperya.it\/de\/ausfluege-von-lignano\/"]}]},{"@type":"ImageObject","inLanguage":"de","@id":"https:\/\/www.hotelesperya.it\/de\/ausfluege-von-lignano\/#primaryimage","url":"https:\/\/www.hotelesperya.it\/wp-content\/uploads\/2021\/01\/Hotel_parigi_Escursioni_da_bibione_cover.jpg","contentUrl":"https:\/\/www.hotelesperya.it\/wp-content\/uploads\/2021\/01\/Hotel_parigi_Escursioni_da_bibione_cover.jpg","width":2000,"height":1163},{"@type":"BreadcrumbList","@id":"https:\/\/www.hotelesperya.it\/de\/ausfluege-von-lignano\/#breadcrumb","itemListElement":[{"@type":"ListItem","position":1,"name":"Home","item":"https:\/\/www.hotelesperya.it\/de\/"},{"@type":"ListItem","position":2,"name":"Ausfl\u00fcge von Lignano"}]},{"@type":"WebSite","@id":"https:\/\/www.hotelesperya.it\/de\/#website","url":"https:\/\/www.hotelesperya.it\/de\/","name":"Aparthotel Esperya","description":"Im herzen von Lignano Sabbiadoro","publisher":{"@id":"https:\/\/www.hotelesperya.it\/de\/#organization"},"potentialAction":[{"@type":"SearchAction","target":{"@type":"EntryPoint","urlTemplate":"https:\/\/www.hotelesperya.it\/de\/?s={search_term_string}"},"query-input":{"@type":"PropertyValueSpecification","valueRequired":true,"valueName":"search_term_string"}}],"inLanguage":"de"},{"@type":"Organization","@id":"https:\/\/www.hotelesperya.it\/de\/#organization","name":"Aparthotel Esperya - Lignano Sabbiadoro (UD)","url":"https:\/\/www.hotelesperya.it\/de\/","logo":{"@type":"ImageObject","inLanguage":"de","@id":"https:\/\/www.hotelesperya.it\/de\/#\/schema\/logo\/image\/","url":"https:\/\/www.hotelesperya.it\/wp-content\/uploads\/2021\/01\/logo-footer.png","contentUrl":"https:\/\/www.hotelesperya.it\/wp-content\/uploads\/2021\/01\/logo-footer.png","width":548,"height":148,"caption":"Aparthotel Esperya - Lignano Sabbiadoro (UD)"},"image":{"@id":"https:\/\/www.hotelesperya.it\/de\/#\/schema\/logo\/image\/"}}]}},"uagb_featured_image_src":{"full":["https:\/\/www.hotelesperya.it\/wp-content\/uploads\/2021\/01\/Hotel_parigi_Escursioni_da_bibione_cover.jpg",2000,1163,false],"thumbnail":["https:\/\/www.hotelesperya.it\/wp-content\/uploads\/2021\/01\/Hotel_parigi_Escursioni_da_bibione_cover-150x150.jpg",150,150,true],"medium":["https:\/\/www.hotelesperya.it\/wp-content\/uploads\/2021\/01\/Hotel_parigi_Escursioni_da_bibione_cover-300x174.jpg",300,174,true],"medium_large":["https:\/\/www.hotelesperya.it\/wp-content\/uploads\/2021\/01\/Hotel_parigi_Escursioni_da_bibione_cover-768x447.jpg",750,437,true],"large":["https:\/\/www.hotelesperya.it\/wp-content\/uploads\/2021\/01\/Hotel_parigi_Escursioni_da_bibione_cover-1024x595.jpg",750,436,true],"1536x1536":["https:\/\/www.hotelesperya.it\/wp-content\/uploads\/2021\/01\/Hotel_parigi_Escursioni_da_bibione_cover-1536x893.jpg",1536,893,true],"2048x2048":["https:\/\/www.hotelesperya.it\/wp-content\/uploads\/2021\/01\/Hotel_parigi_Escursioni_da_bibione_cover.jpg",2000,1163,false],"post-thumbnail":["https:\/\/www.hotelesperya.it\/wp-content\/uploads\/2021\/01\/Hotel_parigi_Escursioni_da_bibione_cover-1568x912.jpg",1568,912,true]},"uagb_author_info":{"display_name":"Esperya","author_link":"https:\/\/www.hotelesperya.it\/de\/author\/h0t3l-p4r1\/"},"uagb_comment_info":0,"uagb_excerpt":null,"coauthors":[],"author_meta":{"author_link":"https:\/\/www.hotelesperya.it\/de\/author\/h0t3l-p4r1\/","display_name":"Esperya"},"relative_dates":{"created":"Posted 5\u00a0Jahren ago","modified":"Updated 5\u00a0Jahren ago"},"absolute_dates":{"created":"Posted on 4 M\u00e4rz 2021","modified":"Updated on 4 M\u00e4rz 2021"},"absolute_dates_time":{"created":"Posted on 4 M\u00e4rz 2021 14:46","modified":"Updated on 4 M\u00e4rz 2021 15:01"},"featured_img_caption":"","featured_img":"https:\/\/www.hotelesperya.it\/wp-content\/uploads\/2021\/01\/Hotel_parigi_Escursioni_da_bibione_cover-1568x912.jpg","series_order":"","_links":{"self":[{"href":"https:\/\/www.hotelesperya.it\/de\/wp-json\/wp\/v2\/pages\/2541","targetHints":{"allow":["GET"]}}],"collection":[{"href":"https:\/\/www.hotelesperya.it\/de\/wp-json\/wp\/v2\/pages"}],"about":[{"href":"https:\/\/www.hotelesperya.it\/de\/wp-json\/wp\/v2\/types\/page"}],"author":[{"embeddable":true,"href":"https:\/\/www.hotelesperya.it\/de\/wp-json\/wp\/v2\/users\/1"}],"replies":[{"embeddable":true,"href":"https:\/\/www.hotelesperya.it\/de\/wp-json\/wp\/v2\/comments?post=2541"}],"version-history":[{"count":0,"href":"https:\/\/www.hotelesperya.it\/de\/wp-json\/wp\/v2\/pages\/2541\/revisions"}],"wp:featuredmedia":[{"embeddable":true,"href":"https:\/\/www.hotelesperya.it\/de\/wp-json\/wp\/v2\/media\/894"}],"wp:attachment":[{"href":"https:\/\/www.hotelesperya.it\/de\/wp-json\/wp\/v2\/media?parent=2541"}],"curies":[{"name":"wp","href":"https:\/\/api.w.org\/{rel}","templated":true}]}}