{"id":2530,"date":"2021-03-04T14:38:37","date_gmt":"2021-03-04T13:38:37","guid":{"rendered":"https:\/\/esperya.promoservicebeta.com\/?page_id=2530"},"modified":"2021-03-12T11:24:28","modified_gmt":"2021-03-12T10:24:28","slug":"shopping","status":"publish","type":"page","link":"https:\/\/www.hotelesperya.it\/de\/shopping\/","title":{"rendered":"Shopping"},"content":{"rendered":"<div  class=\"grids-section grids-is-advanced alignfull\" style=\"--_gs-gap-desktop:0px 0px;--_gs-m-desktop:0 0 0 0;--_gs-p-desktop:0 0 0 0;--_gs-bg-desktop:transparent none;--_gs-bg-xp-desktop:0px;--_gs-zi-desktop:auto;--_gs-d-desktop:block;--_gs-mw-desktop:calc(100% - 0 - 0);--_gs-gap-tablet:0px 0px;--_gs-m-tablet:0 0 0 0;--_gs-p-tablet:0 0 0 0;--_gs-bg-tablet:transparent none;--_gs-bg-xp-tablet:0px;--_gs-zi-tablet:auto;--_gs-d-tablet:block;--_gs-mw-tablet:calc(100% - 0 - 0);--_gs-gap-mobile:0px 0px;--_gs-m-mobile:0 0 0 0;--_gs-p-mobile:0 10px 0 10px;--_gs-bg-mobile:transparent none;--_gs-bg-xp-mobile:0px;--_gs-zi-mobile:auto;--_gs-d-mobile:block;--_gs-mw-mobile:calc(100% - 0 - 0);--_gs-columns:12;--_gs-rows:6\"><div class=\"grids-s-w_i\">\n<div class=\"grids-area\" style=\"--_ga-column:2\/7;--_ga-row:1\/2;--_ga-m-desktop:40px 0 0 0;--_ga-p-desktop:0 0 0 0;--_ga-bg-desktop:transparent none;--_ga-zi-desktop:auto;--_ga-d-desktop:flex;--_ga-mw-desktop:calc(100% - 0 - 0);--_ga-m-tablet:40px 0 0 0;--_ga-p-tablet:0 0 0 0;--_ga-bg-tablet:transparent none;--_ga-zi-tablet:auto;--_ga-d-tablet:flex;--_ga-mw-tablet:calc(100% - 0 - 0);--_ga-m-mobile:40px 0 0 0;--_ga-p-mobile:0 0 0 0;--_ga-bg-mobile:transparent none;--_ga-zi-mobile:auto;--_ga-d-mobile:flex;--_ga-mw-mobile:calc(100% - 0 - 0)\">\n\n<h1 class=\"wp-block-heading\">Einkaufen im Stadtzentrum von Lignano<\/h1>\n\n<\/div>\n\n<div class=\"grids-area\" style=\"--_ga-column:2\/7;--_ga-row:2\/3;--_ga-m-desktop:0 0 0 0;--_ga-p-desktop:0 20px 0 0;--_ga-bg-desktop:transparent none;--_ga-zi-desktop:auto;--_ga-d-desktop:flex;--_ga-mw-desktop:calc(100% - 0 - 0);--_ga-m-tablet:0 0 0 0;--_ga-p-tablet:0 20px 0 0;--_ga-bg-tablet:transparent none;--_ga-zi-tablet:auto;--_ga-d-tablet:flex;--_ga-mw-tablet:calc(100% - 0 - 0);--_ga-m-mobile:0 0 0 0;--_ga-p-mobile:0 0px 0 0;--_ga-bg-mobile:transparent none;--_ga-zi-mobile:auto;--_ga-d-mobile:flex;--_ga-mw-mobile:calc(100% - 0 - 0)\">\n\n<p>Das Aparthotel Esperya befindet sich im Zentrum von Lignano Sabbiadoro, direkt an der Fu\u00dfg\u00e4ngerzone.<\/p>\n\n\n\n<p>Die exklusivsten Gesch\u00e4fte, die elegantesten Restaurants und Lokale der Stadt befinden sich in unmittelbarer N\u00e4he. Stellen Sie Ihr Auto einfach in der Garage ab, Sie werden es nicht ben\u00f6tigen!<\/p>\n\n<\/div>\n\n<div class=\"grids-area\" style=\"--_ga-column:7\/12;--_ga-row:1\/3;--_ga-va:flex-end;--_ga-m-desktop:0 0 0 0;--_ga-p-desktop:0 0 0 20px;--_ga-bg-desktop:transparent none;--_ga-zi-desktop:auto;--_ga-d-desktop:flex;--_ga-mw-desktop:calc(100% - 0 - 0);--_ga-m-tablet:0 0 0 0;--_ga-p-tablet:0 0 0 20px;--_ga-bg-tablet:transparent none;--_ga-zi-tablet:auto;--_ga-d-tablet:flex;--_ga-mw-tablet:calc(100% - 0 - 0);--_ga-m-mobile:0 0 0 0;--_ga-p-mobile:0 0 0 0px;--_ga-bg-mobile:transparent none;--_ga-zi-mobile:auto;--_ga-d-mobile:flex;--_ga-mw-mobile:calc(100% - 0 - 0)\">\n\n<div style=\"height:40px\" aria-hidden=\"true\" class=\"wp-block-spacer\"><\/div>\n\n\n<div  class=\"grids-section gallery-shopping  grids-is-stretch\" style=\"--_gs-gap-desktop:0px 0px;--_gs-m-desktop:0 0 0 0;--_gs-p-desktop:0 0 0 0;--_gs-bg-desktop:transparent none;--_gs-bg-xp-desktop:0px;--_gs-zi-desktop:auto;--_gs-d-desktop:block;--_gs-mw-desktop:calc(100% - 0 - 0);--_gs-gap-tablet:0px 0px;--_gs-m-tablet:0 0 0 0;--_gs-p-tablet:0 0 0 0;--_gs-bg-tablet:transparent none;--_gs-bg-xp-tablet:0px;--_gs-zi-tablet:auto;--_gs-d-tablet:block;--_gs-mw-tablet:calc(100% - 0 - 0);--_gs-gap-mobile:0px 0px;--_gs-m-mobile:0 0 0 0;--_gs-p-mobile:0 0 0 0;--_gs-bg-mobile:transparent none;--_gs-bg-xp-mobile:0px;--_gs-zi-mobile:auto;--_gs-d-mobile:block;--_gs-mw-mobile:calc(100% - 0 - 0);--_gs-columns:2;--_gs-rows:1\"><div class=\"grids-s-w_i\">\n<div class=\"grids-area\" style=\"--_ga-column:1\/2;--_ga-row:1\/2;--_ga-m-desktop:0 0 0 0;--_ga-p-desktop:0 0 0 0;--_ga-bg-desktop:transparent none;--_ga-zi-desktop:auto;--_ga-d-desktop:flex;--_ga-mw-desktop:calc(100% - 0 - 0);--_ga-m-tablet:0 0 0 0;--_ga-p-tablet:0 0 0 0;--_ga-bg-tablet:transparent none;--_ga-zi-tablet:auto;--_ga-d-tablet:flex;--_ga-mw-tablet:calc(100% - 0 - 0);--_ga-m-mobile:0 0 0 0;--_ga-p-mobile:0 0 0 0;--_ga-bg-mobile:transparent none;--_ga-zi-mobile:auto;--_ga-d-mobile:flex;--_ga-mw-mobile:calc(100% - 0 - 0)\">\n\n<figure class=\"wp-block-image size-large\"><img loading=\"lazy\" decoding=\"async\" width=\"306\" height=\"204\" src=\"https:\/\/hotelesperya.it\/wp-content\/uploads\/2021\/03\/Aparthotel_Esperya_Lignano_Shopping_01-1.jpg\" alt=\"\" class=\"wp-image-3019\" srcset=\"https:\/\/www.hotelesperya.it\/wp-content\/uploads\/2021\/03\/Aparthotel_Esperya_Lignano_Shopping_01-1.jpg 306w, https:\/\/www.hotelesperya.it\/wp-content\/uploads\/2021\/03\/Aparthotel_Esperya_Lignano_Shopping_01-1-300x200.jpg 300w\" sizes=\"auto, (max-width: 306px) 100vw, 306px\" \/><\/figure>\n\n\n\n<figure class=\"wp-block-image size-large\"><img loading=\"lazy\" decoding=\"async\" width=\"306\" height=\"204\" src=\"https:\/\/hotelesperya.it\/wp-content\/uploads\/2021\/03\/Aparthotel_Esperya_Lignano_Shopping_02-1.jpg\" alt=\"\" class=\"wp-image-3025\" srcset=\"https:\/\/www.hotelesperya.it\/wp-content\/uploads\/2021\/03\/Aparthotel_Esperya_Lignano_Shopping_02-1.jpg 306w, https:\/\/www.hotelesperya.it\/wp-content\/uploads\/2021\/03\/Aparthotel_Esperya_Lignano_Shopping_02-1-300x200.jpg 300w\" sizes=\"auto, (max-width: 306px) 100vw, 306px\" \/><\/figure>\n\n<\/div>\n\n<div class=\"grids-area\" style=\"--_ga-column:2\/3;--_ga-row:1\/2;--_ga-m-desktop:0 0 0 0;--_ga-p-desktop:0 0 0 0;--_ga-bg-desktop:transparent none;--_ga-zi-desktop:auto;--_ga-d-desktop:flex;--_ga-mw-desktop:calc(100% - 0 - 0);--_ga-m-tablet:0 0 0 0;--_ga-p-tablet:0 0 0 0;--_ga-bg-tablet:transparent none;--_ga-zi-tablet:auto;--_ga-d-tablet:flex;--_ga-mw-tablet:calc(100% - 0 - 0);--_ga-m-mobile:0 0 0 0;--_ga-p-mobile:0 0 0 0;--_ga-bg-mobile:transparent none;--_ga-zi-mobile:auto;--_ga-d-mobile:flex;--_ga-mw-mobile:calc(100% - 0 - 0)\">\n\n<figure class=\"wp-block-image size-large\"><img loading=\"lazy\" decoding=\"async\" width=\"306\" height=\"204\" src=\"https:\/\/hotelesperya.it\/wp-content\/uploads\/2021\/03\/Aparthotel_Esperya_Lignano_Esterno_notte_large-1.jpg\" alt=\"\" class=\"wp-image-3022\" srcset=\"https:\/\/www.hotelesperya.it\/wp-content\/uploads\/2021\/03\/Aparthotel_Esperya_Lignano_Esterno_notte_large-1.jpg 306w, https:\/\/www.hotelesperya.it\/wp-content\/uploads\/2021\/03\/Aparthotel_Esperya_Lignano_Esterno_notte_large-1-300x200.jpg 300w\" sizes=\"auto, (max-width: 306px) 100vw, 306px\" \/><\/figure>\n\n\n\n<figure class=\"wp-block-image size-large\"><img loading=\"lazy\" decoding=\"async\" width=\"306\" height=\"204\" src=\"https:\/\/hotelesperya.it\/wp-content\/uploads\/2021\/03\/Aparthotel_Esperya_Lignano_Shopping_shopping_03-1.jpg\" alt=\"\" class=\"wp-image-3028\" srcset=\"https:\/\/www.hotelesperya.it\/wp-content\/uploads\/2021\/03\/Aparthotel_Esperya_Lignano_Shopping_shopping_03-1.jpg 306w, https:\/\/www.hotelesperya.it\/wp-content\/uploads\/2021\/03\/Aparthotel_Esperya_Lignano_Shopping_shopping_03-1-300x200.jpg 300w\" sizes=\"auto, (max-width: 306px) 100vw, 306px\" \/><\/figure>\n\n<\/div>\n<\/div><\/div>\n<\/div>\n<\/div><\/div>\n\n\n<div style=\"height:50px\" aria-hidden=\"true\" class=\"wp-block-spacer\"><\/div>\n\n\n<div  class=\"grids-section grids-is-advanced alignfull\" style=\"--_gs-gap-desktop:0px 0px;--_gs-m-desktop:0 0 0 0;--_gs-p-desktop:0 0 0 0;--_gs-bg-desktop:transparent none;--_gs-bg-xp-desktop:0px;--_gs-zi-desktop:auto;--_gs-d-desktop:none;--_gs-mw-desktop:calc(100% - 0 - 0);--_gs-gap-tablet:0px 0px;--_gs-m-tablet:0 0 0 0;--_gs-p-tablet:0 0 0 0;--_gs-bg-tablet:transparent none;--_gs-bg-xp-tablet:0px;--_gs-zi-tablet:auto;--_gs-d-tablet:none;--_gs-mw-tablet:calc(100% - 0 - 0);--_gs-gap-mobile:0px 0px;--_gs-m-mobile:0 0 0 0;--_gs-p-mobile:0 0 0 0;--_gs-bg-mobile:transparent none;--_gs-bg-xp-mobile:0px;--_gs-zi-mobile:auto;--_gs-d-mobile:none;--_gs-mw-mobile:calc(100% - 0 - 0);--_gs-columns:12;--_gs-rows:6\"><div class=\"grids-s-w_i\">\n<div class=\"grids-area\" style=\"--_ga-column:2\/12;--_ga-row:0\/2;--_ga-m-desktop:0 0 0 0;--_ga-p-desktop:0 0 0 0;--_ga-bg-desktop:transparent none;--_ga-zi-desktop:auto;--_ga-d-desktop:flex;--_ga-mw-desktop:calc(100% - 0 - 0);--_ga-m-tablet:0 0 0 0;--_ga-p-tablet:0 0 0 0;--_ga-bg-tablet:transparent none;--_ga-zi-tablet:auto;--_ga-d-tablet:flex;--_ga-mw-tablet:calc(100% - 0 - 0);--_ga-m-mobile:0 0 0 0;--_ga-p-mobile:0 0 0 0;--_ga-bg-mobile:transparent none;--_ga-zi-mobile:auto;--_ga-d-mobile:flex;--_ga-mw-mobile:calc(100% - 0 - 0)\">\n\n<figure class=\"wp-block-gallery columns-4 is-cropped wp-block-gallery-2\"><ul class=\"blocks-gallery-grid\"><li class=\"blocks-gallery-item\"><figure><img loading=\"lazy\" decoding=\"async\" width=\"1024\" height=\"678\" src=\"https:\/\/hotelesperya.it\/wp-content\/uploads\/2021\/03\/Aparthotel_Esperya_Lignano_Shopping_01.jpg\" alt=\"\" data-id=\"2427\" data-full-url=\"https:\/\/hotelesperya.it\/wp-content\/uploads\/2021\/03\/Aparthotel_Esperya_Lignano_Shopping_01.jpg\" data-link=\"https:\/\/hotelesperya.it\/it\/shopping\/aparthotel_esperya_lignano_shopping_01\/\" class=\"wp-image-2429\" srcset=\"https:\/\/www.hotelesperya.it\/wp-content\/uploads\/2021\/03\/Aparthotel_Esperya_Lignano_Shopping_01.jpg 1024w, https:\/\/www.hotelesperya.it\/wp-content\/uploads\/2021\/03\/Aparthotel_Esperya_Lignano_Shopping_01-300x199.jpg 300w, https:\/\/www.hotelesperya.it\/wp-content\/uploads\/2021\/03\/Aparthotel_Esperya_Lignano_Shopping_01-768x509.jpg 768w\" sizes=\"auto, (max-width: 1024px) 100vw, 1024px\" \/><\/figure><\/li><li class=\"blocks-gallery-item\"><figure><img loading=\"lazy\" decoding=\"async\" width=\"1024\" height=\"659\" src=\"https:\/\/hotelesperya.it\/wp-content\/uploads\/2021\/02\/Aparthotel_Esperya_Lignano_Esterno_notte-1024x659.jpg\" alt=\"\" data-id=\"2209\" data-full-url=\"https:\/\/hotelesperya.it\/wp-content\/uploads\/2021\/02\/Aparthotel_Esperya_Lignano_Esterno_notte.jpg\" data-link=\"https:\/\/hotelesperya.it\/it\/aparthotel_esperya_lignano_esterno_notte\/\" class=\"wp-image-2209\" srcset=\"https:\/\/www.hotelesperya.it\/wp-content\/uploads\/2021\/02\/Aparthotel_Esperya_Lignano_Esterno_notte-1024x659.jpg 1024w, https:\/\/www.hotelesperya.it\/wp-content\/uploads\/2021\/02\/Aparthotel_Esperya_Lignano_Esterno_notte-300x193.jpg 300w, https:\/\/www.hotelesperya.it\/wp-content\/uploads\/2021\/02\/Aparthotel_Esperya_Lignano_Esterno_notte-768x494.jpg 768w, https:\/\/www.hotelesperya.it\/wp-content\/uploads\/2021\/02\/Aparthotel_Esperya_Lignano_Esterno_notte-1536x988.jpg 1536w, https:\/\/www.hotelesperya.it\/wp-content\/uploads\/2021\/02\/Aparthotel_Esperya_Lignano_Esterno_notte-1568x1008.jpg 1568w, https:\/\/www.hotelesperya.it\/wp-content\/uploads\/2021\/02\/Aparthotel_Esperya_Lignano_Esterno_notte.jpg 1600w\" sizes=\"auto, (max-width: 1024px) 100vw, 1024px\" \/><\/figure><\/li><li class=\"blocks-gallery-item\"><figure><img loading=\"lazy\" decoding=\"async\" width=\"1024\" height=\"768\" src=\"https:\/\/hotelesperya.it\/wp-content\/uploads\/2021\/03\/Aparthotel_Esperya_Lignano_Shopping_02.jpg\" alt=\"\" data-id=\"2430\" data-full-url=\"https:\/\/hotelesperya.it\/wp-content\/uploads\/2021\/03\/Aparthotel_Esperya_Lignano_Shopping_02.jpg\" data-link=\"https:\/\/hotelesperya.it\/it\/shopping\/aparthotel_esperya_lignano_shopping_02\/\" class=\"wp-image-2432\" srcset=\"https:\/\/www.hotelesperya.it\/wp-content\/uploads\/2021\/03\/Aparthotel_Esperya_Lignano_Shopping_02.jpg 1024w, https:\/\/www.hotelesperya.it\/wp-content\/uploads\/2021\/03\/Aparthotel_Esperya_Lignano_Shopping_02-300x225.jpg 300w, https:\/\/www.hotelesperya.it\/wp-content\/uploads\/2021\/03\/Aparthotel_Esperya_Lignano_Shopping_02-768x576.jpg 768w\" sizes=\"auto, (max-width: 1024px) 100vw, 1024px\" \/><\/figure><\/li><li class=\"blocks-gallery-item\"><figure><img loading=\"lazy\" decoding=\"async\" width=\"306\" height=\"204\" src=\"https:\/\/hotelesperya.it\/wp-content\/uploads\/2021\/03\/Aparthotel_Esperya_Lignano_Shopping_shopping_03.jpg\" alt=\"\" data-id=\"2433\" data-full-url=\"https:\/\/hotelesperya.it\/wp-content\/uploads\/2021\/03\/Aparthotel_Esperya_Lignano_Shopping_shopping_03.jpg\" data-link=\"https:\/\/hotelesperya.it\/it\/shopping\/aparthotel_esperya_lignano_shopping_shopping_03\/\" class=\"wp-image-2435 is-layout-flex wp-block-gallery-is-layout-flex\" srcset=\"https:\/\/www.hotelesperya.it\/wp-content\/uploads\/2021\/03\/Aparthotel_Esperya_Lignano_Shopping_shopping_03.jpg 306w, https:\/\/www.hotelesperya.it\/wp-content\/uploads\/2021\/03\/Aparthotel_Esperya_Lignano_Shopping_shopping_03-300x200.jpg 300w\" sizes=\"auto, (max-width: 306px) 100vw, 306px\" \/><\/figure><\/li><\/ul><\/figure>\n\n<\/div>\n<\/div><\/div>\n\n<div  class=\"grids-section grids-is-advanced alignfull\" style=\"--_gs-gap-desktop:0px 0px;--_gs-m-desktop:0 0 0 0;--_gs-p-desktop:0 0 0 0;--_gs-bg-desktop:transparent none;--_gs-bg-xp-desktop:0px;--_gs-zi-desktop:auto;--_gs-d-desktop:block;--_gs-mw-desktop:calc(100% - 0 - 0);--_gs-gap-tablet:0px 0px;--_gs-m-tablet:0 0 0 0;--_gs-p-tablet:0 0 0 0;--_gs-bg-tablet:transparent none;--_gs-bg-xp-tablet:0px;--_gs-zi-tablet:auto;--_gs-d-tablet:block;--_gs-mw-tablet:calc(100% - 0 - 0);--_gs-gap-mobile:0px 0px;--_gs-m-mobile:0 0 0 0;--_gs-p-mobile:0 0 0 0;--_gs-bg-mobile:transparent none;--_gs-bg-xp-mobile:0px;--_gs-zi-mobile:auto;--_gs-d-mobile:block;--_gs-mw-mobile:calc(100% - 0 - 0);--_gs-columns:12;--_gs-rows:6\"><div class=\"grids-s-w_i\">\n<div class=\"grids-area\" style=\"--_ga-column:1\/14;--_ga-row:1\/8;--_ga-m-desktop:0 0 0 0;--_ga-p-desktop:0 0 0 0;--_ga-bg-desktop:transparent none;--_ga-zi-desktop:auto;--_ga-d-desktop:flex;--_ga-mw-desktop:calc(100% - 0 - 0);--_ga-m-tablet:0 0 0 0;--_ga-p-tablet:0 0 0 0;--_ga-bg-tablet:transparent none;--_ga-zi-tablet:auto;--_ga-d-tablet:flex;--_ga-mw-tablet:calc(100% - 0 - 0);--_ga-m-mobile:0 0 0 0;--_ga-p-mobile:0 0 0 0;--_ga-bg-mobile:transparent none;--_ga-zi-mobile:auto;--_ga-d-mobile:flex;--_ga-mw-mobile:calc(100% - 0 - 0)\"><\/div>\n<\/div><\/div>","protected":false},"excerpt":{"rendered":"","protected":false},"author":1,"featured_media":2425,"parent":0,"menu_order":0,"comment_status":"closed","ping_status":"closed","template":"","meta":{"_acf_changed":false,"_uag_custom_page_level_css":"","advgb_blocks_editor_width":"","advgb_blocks_columns_visual_guide":"","footnotes":""},"class_list":["post-2530","page","type-page","status-publish","has-post-thumbnail","hentry","entry"],"acf":[],"yoast_head":"<!-- This site is optimized with the Yoast SEO plugin v25.6 - https:\/\/yoast.com\/wordpress\/plugins\/seo\/ -->\n<title>Aparthotel Esperya | Shopping<\/title>\n<meta name=\"description\" content=\"Das Aparthotel Esperya befindet sich im Zentrum von Lignano Sabbiadoro, direkt an der Fu\u00dfg\u00e4ngerzone.\" \/>\n<meta name=\"robots\" content=\"index, follow, max-snippet:-1, max-image-preview:large, max-video-preview:-1\" \/>\n<link rel=\"canonical\" href=\"https:\/\/www.hotelesperya.it\/de\/shopping\/\" \/>\n<meta property=\"og:locale\" content=\"de_DE\" \/>\n<meta property=\"og:type\" content=\"article\" \/>\n<meta property=\"og:title\" content=\"Aparthotel Esperya | Shopping\" \/>\n<meta property=\"og:description\" content=\"Das Aparthotel Esperya befindet sich im Zentrum von Lignano Sabbiadoro, direkt an der Fu\u00dfg\u00e4ngerzone.\" \/>\n<meta property=\"og:url\" content=\"https:\/\/www.hotelesperya.it\/de\/shopping\/\" \/>\n<meta property=\"og:site_name\" content=\"Aparthotel Esperya\" \/>\n<meta property=\"article:modified_time\" content=\"2021-03-12T10:24:28+00:00\" \/>\n<meta property=\"og:image\" content=\"https:\/\/www.hotelesperya.it\/wp-content\/uploads\/2021\/03\/Aparthotel_Esperya_shopping_a_lignano.jpg\" \/>\n\t<meta property=\"og:image:width\" content=\"1400\" \/>\n\t<meta property=\"og:image:height\" content=\"500\" \/>\n\t<meta property=\"og:image:type\" content=\"image\/jpeg\" \/>\n<meta name=\"twitter:card\" content=\"summary_large_image\" \/>\n<meta name=\"twitter:label1\" content=\"Gesch\u00e4tzte Lesezeit\" \/>\n\t<meta name=\"twitter:data1\" content=\"2\u00a0Minuten\" \/>\n<script type=\"application\/ld+json\" class=\"yoast-schema-graph\">{\"@context\":\"https:\/\/schema.org\",\"@graph\":[{\"@type\":\"WebPage\",\"@id\":\"https:\/\/www.hotelesperya.it\/de\/shopping\/\",\"url\":\"https:\/\/www.hotelesperya.it\/de\/shopping\/\",\"name\":\"Aparthotel Esperya | Shopping\",\"isPartOf\":{\"@id\":\"https:\/\/www.hotelesperya.it\/de\/#website\"},\"primaryImageOfPage\":{\"@id\":\"https:\/\/www.hotelesperya.it\/de\/shopping\/#primaryimage\"},\"image\":{\"@id\":\"https:\/\/www.hotelesperya.it\/de\/shopping\/#primaryimage\"},\"thumbnailUrl\":\"https:\/\/www.hotelesperya.it\/wp-content\/uploads\/2021\/03\/Aparthotel_Esperya_shopping_a_lignano.jpg\",\"datePublished\":\"2021-03-04T13:38:37+00:00\",\"dateModified\":\"2021-03-12T10:24:28+00:00\",\"description\":\"Das Aparthotel Esperya befindet sich im Zentrum von Lignano Sabbiadoro, direkt an der Fu\u00dfg\u00e4ngerzone.\",\"breadcrumb\":{\"@id\":\"https:\/\/www.hotelesperya.it\/de\/shopping\/#breadcrumb\"},\"inLanguage\":\"de\",\"potentialAction\":[{\"@type\":\"ReadAction\",\"target\":[\"https:\/\/www.hotelesperya.it\/de\/shopping\/\"]}]},{\"@type\":\"ImageObject\",\"inLanguage\":\"de\",\"@id\":\"https:\/\/www.hotelesperya.it\/de\/shopping\/#primaryimage\",\"url\":\"https:\/\/www.hotelesperya.it\/wp-content\/uploads\/2021\/03\/Aparthotel_Esperya_shopping_a_lignano.jpg\",\"contentUrl\":\"https:\/\/www.hotelesperya.it\/wp-content\/uploads\/2021\/03\/Aparthotel_Esperya_shopping_a_lignano.jpg\",\"width\":1400,\"height\":500},{\"@type\":\"BreadcrumbList\",\"@id\":\"https:\/\/www.hotelesperya.it\/de\/shopping\/#breadcrumb\",\"itemListElement\":[{\"@type\":\"ListItem\",\"position\":1,\"name\":\"Home\",\"item\":\"https:\/\/www.hotelesperya.it\/de\/\"},{\"@type\":\"ListItem\",\"position\":2,\"name\":\"Shopping\"}]},{\"@type\":\"WebSite\",\"@id\":\"https:\/\/www.hotelesperya.it\/de\/#website\",\"url\":\"https:\/\/www.hotelesperya.it\/de\/\",\"name\":\"Aparthotel Esperya\",\"description\":\"Im herzen von Lignano Sabbiadoro\",\"publisher\":{\"@id\":\"https:\/\/www.hotelesperya.it\/de\/#organization\"},\"potentialAction\":[{\"@type\":\"SearchAction\",\"target\":{\"@type\":\"EntryPoint\",\"urlTemplate\":\"https:\/\/www.hotelesperya.it\/de\/?s={search_term_string}\"},\"query-input\":{\"@type\":\"PropertyValueSpecification\",\"valueRequired\":true,\"valueName\":\"search_term_string\"}}],\"inLanguage\":\"de\"},{\"@type\":\"Organization\",\"@id\":\"https:\/\/www.hotelesperya.it\/de\/#organization\",\"name\":\"Aparthotel Esperya - Lignano Sabbiadoro (UD)\",\"url\":\"https:\/\/www.hotelesperya.it\/de\/\",\"logo\":{\"@type\":\"ImageObject\",\"inLanguage\":\"de\",\"@id\":\"https:\/\/www.hotelesperya.it\/de\/#\/schema\/logo\/image\/\",\"url\":\"https:\/\/www.hotelesperya.it\/wp-content\/uploads\/2021\/01\/logo-footer.png\",\"contentUrl\":\"https:\/\/www.hotelesperya.it\/wp-content\/uploads\/2021\/01\/logo-footer.png\",\"width\":548,\"height\":148,\"caption\":\"Aparthotel Esperya - Lignano Sabbiadoro (UD)\"},\"image\":{\"@id\":\"https:\/\/www.hotelesperya.it\/de\/#\/schema\/logo\/image\/\"}}]}<\/script>\n<!-- \/ Yoast SEO plugin. -->","yoast_head_json":{"title":"Aparthotel Esperya | Shopping","description":"Das Aparthotel Esperya befindet sich im Zentrum von Lignano Sabbiadoro, direkt an der Fu\u00dfg\u00e4ngerzone.","robots":{"index":"index","follow":"follow","max-snippet":"max-snippet:-1","max-image-preview":"max-image-preview:large","max-video-preview":"max-video-preview:-1"},"canonical":"https:\/\/www.hotelesperya.it\/de\/shopping\/","og_locale":"de_DE","og_type":"article","og_title":"Aparthotel Esperya | Shopping","og_description":"Das Aparthotel Esperya befindet sich im Zentrum von Lignano Sabbiadoro, direkt an der Fu\u00dfg\u00e4ngerzone.","og_url":"https:\/\/www.hotelesperya.it\/de\/shopping\/","og_site_name":"Aparthotel Esperya","article_modified_time":"2021-03-12T10:24:28+00:00","og_image":[{"width":1400,"height":500,"url":"https:\/\/www.hotelesperya.it\/wp-content\/uploads\/2021\/03\/Aparthotel_Esperya_shopping_a_lignano.jpg","type":"image\/jpeg"}],"twitter_card":"summary_large_image","twitter_misc":{"Gesch\u00e4tzte Lesezeit":"2\u00a0Minuten"},"schema":{"@context":"https:\/\/schema.org","@graph":[{"@type":"WebPage","@id":"https:\/\/www.hotelesperya.it\/de\/shopping\/","url":"https:\/\/www.hotelesperya.it\/de\/shopping\/","name":"Aparthotel Esperya | Shopping","isPartOf":{"@id":"https:\/\/www.hotelesperya.it\/de\/#website"},"primaryImageOfPage":{"@id":"https:\/\/www.hotelesperya.it\/de\/shopping\/#primaryimage"},"image":{"@id":"https:\/\/www.hotelesperya.it\/de\/shopping\/#primaryimage"},"thumbnailUrl":"https:\/\/www.hotelesperya.it\/wp-content\/uploads\/2021\/03\/Aparthotel_Esperya_shopping_a_lignano.jpg","datePublished":"2021-03-04T13:38:37+00:00","dateModified":"2021-03-12T10:24:28+00:00","description":"Das Aparthotel Esperya befindet sich im Zentrum von Lignano Sabbiadoro, direkt an der Fu\u00dfg\u00e4ngerzone.","breadcrumb":{"@id":"https:\/\/www.hotelesperya.it\/de\/shopping\/#breadcrumb"},"inLanguage":"de","potentialAction":[{"@type":"ReadAction","target":["https:\/\/www.hotelesperya.it\/de\/shopping\/"]}]},{"@type":"ImageObject","inLanguage":"de","@id":"https:\/\/www.hotelesperya.it\/de\/shopping\/#primaryimage","url":"https:\/\/www.hotelesperya.it\/wp-content\/uploads\/2021\/03\/Aparthotel_Esperya_shopping_a_lignano.jpg","contentUrl":"https:\/\/www.hotelesperya.it\/wp-content\/uploads\/2021\/03\/Aparthotel_Esperya_shopping_a_lignano.jpg","width":1400,"height":500},{"@type":"BreadcrumbList","@id":"https:\/\/www.hotelesperya.it\/de\/shopping\/#breadcrumb","itemListElement":[{"@type":"ListItem","position":1,"name":"Home","item":"https:\/\/www.hotelesperya.it\/de\/"},{"@type":"ListItem","position":2,"name":"Shopping"}]},{"@type":"WebSite","@id":"https:\/\/www.hotelesperya.it\/de\/#website","url":"https:\/\/www.hotelesperya.it\/de\/","name":"Aparthotel Esperya","description":"Im herzen von Lignano Sabbiadoro","publisher":{"@id":"https:\/\/www.hotelesperya.it\/de\/#organization"},"potentialAction":[{"@type":"SearchAction","target":{"@type":"EntryPoint","urlTemplate":"https:\/\/www.hotelesperya.it\/de\/?s={search_term_string}"},"query-input":{"@type":"PropertyValueSpecification","valueRequired":true,"valueName":"search_term_string"}}],"inLanguage":"de"},{"@type":"Organization","@id":"https:\/\/www.hotelesperya.it\/de\/#organization","name":"Aparthotel Esperya - Lignano Sabbiadoro (UD)","url":"https:\/\/www.hotelesperya.it\/de\/","logo":{"@type":"ImageObject","inLanguage":"de","@id":"https:\/\/www.hotelesperya.it\/de\/#\/schema\/logo\/image\/","url":"https:\/\/www.hotelesperya.it\/wp-content\/uploads\/2021\/01\/logo-footer.png","contentUrl":"https:\/\/www.hotelesperya.it\/wp-content\/uploads\/2021\/01\/logo-footer.png","width":548,"height":148,"caption":"Aparthotel Esperya - Lignano Sabbiadoro (UD)"},"image":{"@id":"https:\/\/www.hotelesperya.it\/de\/#\/schema\/logo\/image\/"}}]}},"uagb_featured_image_src":{"full":["https:\/\/www.hotelesperya.it\/wp-content\/uploads\/2021\/03\/Aparthotel_Esperya_shopping_a_lignano.jpg",1400,500,false],"thumbnail":["https:\/\/www.hotelesperya.it\/wp-content\/uploads\/2021\/03\/Aparthotel_Esperya_shopping_a_lignano-150x150.jpg",150,150,true],"medium":["https:\/\/www.hotelesperya.it\/wp-content\/uploads\/2021\/03\/Aparthotel_Esperya_shopping_a_lignano-300x107.jpg",300,107,true],"medium_large":["https:\/\/www.hotelesperya.it\/wp-content\/uploads\/2021\/03\/Aparthotel_Esperya_shopping_a_lignano-768x274.jpg",750,268,true],"large":["https:\/\/www.hotelesperya.it\/wp-content\/uploads\/2021\/03\/Aparthotel_Esperya_shopping_a_lignano-1024x366.jpg",750,268,true],"1536x1536":["https:\/\/www.hotelesperya.it\/wp-content\/uploads\/2021\/03\/Aparthotel_Esperya_shopping_a_lignano.jpg",1400,500,false],"2048x2048":["https:\/\/www.hotelesperya.it\/wp-content\/uploads\/2021\/03\/Aparthotel_Esperya_shopping_a_lignano.jpg",1400,500,false],"post-thumbnail":["https:\/\/www.hotelesperya.it\/wp-content\/uploads\/2021\/03\/Aparthotel_Esperya_shopping_a_lignano.jpg",1400,500,false]},"uagb_author_info":{"display_name":"Esperya","author_link":"https:\/\/www.hotelesperya.it\/de\/author\/h0t3l-p4r1\/"},"uagb_comment_info":0,"uagb_excerpt":null,"coauthors":[],"author_meta":{"author_link":"https:\/\/www.hotelesperya.it\/de\/author\/h0t3l-p4r1\/","display_name":"Esperya"},"relative_dates":{"created":"Posted 5\u00a0Jahren ago","modified":"Updated 5\u00a0Jahren ago"},"absolute_dates":{"created":"Posted on 4 M\u00e4rz 2021","modified":"Updated on 12 M\u00e4rz 2021"},"absolute_dates_time":{"created":"Posted on 4 M\u00e4rz 2021 14:38","modified":"Updated on 12 M\u00e4rz 2021 11:24"},"featured_img_caption":"","featured_img":"https:\/\/www.hotelesperya.it\/wp-content\/uploads\/2021\/03\/Aparthotel_Esperya_shopping_a_lignano.jpg","series_order":"","_links":{"self":[{"href":"https:\/\/www.hotelesperya.it\/de\/wp-json\/wp\/v2\/pages\/2530","targetHints":{"allow":["GET"]}}],"collection":[{"href":"https:\/\/www.hotelesperya.it\/de\/wp-json\/wp\/v2\/pages"}],"about":[{"href":"https:\/\/www.hotelesperya.it\/de\/wp-json\/wp\/v2\/types\/page"}],"author":[{"embeddable":true,"href":"https:\/\/www.hotelesperya.it\/de\/wp-json\/wp\/v2\/users\/1"}],"replies":[{"embeddable":true,"href":"https:\/\/www.hotelesperya.it\/de\/wp-json\/wp\/v2\/comments?post=2530"}],"version-history":[{"count":0,"href":"https:\/\/www.hotelesperya.it\/de\/wp-json\/wp\/v2\/pages\/2530\/revisions"}],"wp:featuredmedia":[{"embeddable":true,"href":"https:\/\/www.hotelesperya.it\/de\/wp-json\/wp\/v2\/media\/2425"}],"wp:attachment":[{"href":"https:\/\/www.hotelesperya.it\/de\/wp-json\/wp\/v2\/media?parent=2530"}],"curies":[{"name":"wp","href":"https:\/\/api.w.org\/{rel}","templated":true}]}}